{"id":875,"date":"2019-03-10T17:30:56","date_gmt":"2019-03-10T16:30:56","guid":{"rendered":"http:\/\/genesestudio.com\/?post_type=product&#038;p=875"},"modified":"2021-12-28T00:19:58","modified_gmt":"2021-12-27T23:19:58","slug":"canvas-chain","status":"publish","type":"product","link":"https:\/\/genesestudio.com\/cs\/product\/canvas-chain\/","title":{"rendered":"Canvas chain"},"content":{"rendered":"<p><img fetchpriority=\"high\" decoding=\"async\" class=\"aligncenter wp-image-878\" src=\"https:\/\/genesestudio.com\/wp-content\/uploads\/2019\/03\/3.1-single_canvas_chain_2000x2000-1024x1024.jpg\" alt=\"\" width=\"700\" height=\"700\" srcset=\"https:\/\/genesestudio.com\/wp-content\/uploads\/2019\/03\/3.1-single_canvas_chain_2000x2000-1024x1024.jpg 1024w, https:\/\/genesestudio.com\/wp-content\/uploads\/2019\/03\/3.1-single_canvas_chain_2000x2000-1000x1000.jpg 1000w, https:\/\/genesestudio.com\/wp-content\/uploads\/2019\/03\/3.1-single_canvas_chain_2000x2000-100x100.jpg 100w, https:\/\/genesestudio.com\/wp-content\/uploads\/2019\/03\/3.1-single_canvas_chain_2000x2000.jpg 2000w, https:\/\/genesestudio.com\/wp-content\/uploads\/2019\/03\/3.1-single_canvas_chain_2000x2000-150x150.jpg 150w, https:\/\/genesestudio.com\/wp-content\/uploads\/2019\/03\/3.1-single_canvas_chain_2000x2000-300x300.jpg 300w, https:\/\/genesestudio.com\/wp-content\/uploads\/2019\/03\/3.1-single_canvas_chain_2000x2000-768x768.jpg 768w\" sizes=\"(max-width: 700px) 100vw, 700px\" \/><\/p>\n<p><img decoding=\"async\" class=\"aligncenter wp-image-879 size-large\" src=\"https:\/\/genesestudio.com\/wp-content\/uploads\/2019\/03\/3.2_single_canvas_chain_1500x1500-1024x1024.jpg\" alt=\"\" width=\"843\" height=\"843\" srcset=\"https:\/\/genesestudio.com\/wp-content\/uploads\/2019\/03\/3.2_single_canvas_chain_1500x1500-1024x1024.jpg 1024w, https:\/\/genesestudio.com\/wp-content\/uploads\/2019\/03\/3.2_single_canvas_chain_1500x1500-1000x1000.jpg 1000w, https:\/\/genesestudio.com\/wp-content\/uploads\/2019\/03\/3.2_single_canvas_chain_1500x1500-100x100.jpg 100w, https:\/\/genesestudio.com\/wp-content\/uploads\/2019\/03\/3.2_single_canvas_chain_1500x1500-150x150.jpg 150w, https:\/\/genesestudio.com\/wp-content\/uploads\/2019\/03\/3.2_single_canvas_chain_1500x1500-300x300.jpg 300w, https:\/\/genesestudio.com\/wp-content\/uploads\/2019\/03\/3.2_single_canvas_chain_1500x1500-768x768.jpg 768w, https:\/\/genesestudio.com\/wp-content\/uploads\/2019\/03\/3.2_single_canvas_chain_1500x1500-600x600.jpg 600w, https:\/\/genesestudio.com\/wp-content\/uploads\/2019\/03\/3.2_single_canvas_chain_1500x1500.jpg 1500w\" sizes=\"(max-width: 843px) 100vw, 843px\" \/><\/p>\n","protected":false},"excerpt":{"rendered":"<p>Handcrafted high quality chrome plated chain with canvas logo part. Possible split up. Wearable\u00a0separately.<\/p>\n<p>Size: 65cm \/ 26&#8243; lenght.<br \/>\nCanvas part 20cm \/ 7,8&#8243; lenght.<\/p>\n<p>Handcrafted in Slovakia.<\/p>\n<p>&nbsp;<\/p>\n","protected":false},"featured_media":882,"template":"","meta":[],"product_cat":[281,335,336,320],"product_tag":[],"class_list":{"0":"post-875","1":"product","2":"type-product","3":"status-publish","4":"has-post-thumbnail","6":"product_cat-all","7":"product_cat-all-accessories","8":"product_cat-all-jewellery","9":"product_cat-chains","11":"first","12":"instock","13":"shipping-taxable","14":"purchasable","15":"product-type-simple","16":"customify-col","17":"product-has-gallery"},"yoast_head":"<!-- This site is optimized with the Yoast SEO plugin v22.8 - https:\/\/yoast.com\/wordpress\/plugins\/seo\/ -->\n<title>Gen\u00e8se - Canvas chain<\/title>\n<meta name=\"description\" content=\"Handcrafted high quality chrome plated chain with canvas logo part. Possible split up. Wearable\u00a0separately.\" \/>\n<meta name=\"robots\" content=\"index, follow, max-snippet:-1, max-image-preview:large, max-video-preview:-1\" \/>\n<link rel=\"canonical\" href=\"https:\/\/genesestudio.com\/product\/canvas-chain\/\" \/>\n<meta property=\"og:locale\" content=\"cs_CZ\" \/>\n<meta property=\"og:type\" content=\"article\" \/>\n<meta property=\"og:title\" content=\"Gen\u00e8se - Canvas chain\" \/>\n<meta property=\"og:description\" content=\"Handcrafted high quality chrome plated chain with canvas logo part. Possible split up. Wearable\u00a0separately.\" \/>\n<meta property=\"og:url\" content=\"https:\/\/genesestudio.com\/product\/canvas-chain\/\" \/>\n<meta property=\"og:site_name\" content=\"Gen\u00e8se\" \/>\n<meta property=\"article:modified_time\" content=\"2021-12-27T23:19:58+00:00\" \/>\n<meta property=\"og:image\" content=\"https:\/\/genesestudio.com\/wp-content\/uploads\/2019\/03\/3.0.2_single_canvas_chain_2000x2000.jpg\" \/>\n\t<meta property=\"og:image:width\" content=\"2000\" \/>\n\t<meta property=\"og:image:height\" content=\"2000\" \/>\n\t<meta property=\"og:image:type\" content=\"image\/jpeg\" \/>\n<meta name=\"twitter:card\" content=\"summary_large_image\" \/>\n<meta name=\"twitter:label1\" content=\"Odhadovan\u00e1 doba \u010dten\u00ed\" \/>\n\t<meta name=\"twitter:data1\" content=\"1 minuta\" \/>\n<script type=\"application\/ld+json\" class=\"yoast-schema-graph\">{\"@context\":\"https:\/\/schema.org\",\"@graph\":[{\"@type\":\"WebPage\",\"@id\":\"https:\/\/genesestudio.com\/product\/canvas-chain\/\",\"url\":\"https:\/\/genesestudio.com\/product\/canvas-chain\/\",\"name\":\"Gen\u00e8se - Canvas chain\",\"isPartOf\":{\"@id\":\"https:\/\/genesestudio.com\/#website\"},\"primaryImageOfPage\":{\"@id\":\"https:\/\/genesestudio.com\/product\/canvas-chain\/#primaryimage\"},\"image\":{\"@id\":\"https:\/\/genesestudio.com\/product\/canvas-chain\/#primaryimage\"},\"thumbnailUrl\":\"https:\/\/genesestudio.com\/wp-content\/uploads\/2019\/03\/3.0.2_single_canvas_chain_2000x2000.jpg\",\"datePublished\":\"2019-03-10T16:30:56+00:00\",\"dateModified\":\"2021-12-27T23:19:58+00:00\",\"description\":\"Handcrafted high quality chrome plated chain with canvas logo part. Possible split up. Wearable\u00a0separately.\",\"breadcrumb\":{\"@id\":\"https:\/\/genesestudio.com\/product\/canvas-chain\/#breadcrumb\"},\"inLanguage\":\"cs\",\"potentialAction\":[{\"@type\":\"ReadAction\",\"target\":[\"https:\/\/genesestudio.com\/product\/canvas-chain\/\"]}]},{\"@type\":\"ImageObject\",\"inLanguage\":\"cs\",\"@id\":\"https:\/\/genesestudio.com\/product\/canvas-chain\/#primaryimage\",\"url\":\"https:\/\/genesestudio.com\/wp-content\/uploads\/2019\/03\/3.0.2_single_canvas_chain_2000x2000.jpg\",\"contentUrl\":\"https:\/\/genesestudio.com\/wp-content\/uploads\/2019\/03\/3.0.2_single_canvas_chain_2000x2000.jpg\",\"width\":2000,\"height\":2000},{\"@type\":\"BreadcrumbList\",\"@id\":\"https:\/\/genesestudio.com\/product\/canvas-chain\/#breadcrumb\",\"itemListElement\":[{\"@type\":\"ListItem\",\"position\":1,\"name\":\"Home\",\"item\":\"https:\/\/genesestudio.com\/\"},{\"@type\":\"ListItem\",\"position\":2,\"name\":\"store\",\"item\":\"https:\/\/genesestudio.com\/store\/\"},{\"@type\":\"ListItem\",\"position\":3,\"name\":\"Canvas chain\"}]},{\"@type\":\"WebSite\",\"@id\":\"https:\/\/genesestudio.com\/#website\",\"url\":\"https:\/\/genesestudio.com\/\",\"name\":\"Gen\u00e8se\",\"description\":\"#genesestudio\",\"publisher\":{\"@id\":\"https:\/\/genesestudio.com\/#organization\"},\"potentialAction\":[{\"@type\":\"SearchAction\",\"target\":{\"@type\":\"EntryPoint\",\"urlTemplate\":\"https:\/\/genesestudio.com\/?s={search_term_string}\"},\"query-input\":\"required name=search_term_string\"}],\"inLanguage\":\"cs\"},{\"@type\":\"Organization\",\"@id\":\"https:\/\/genesestudio.com\/#organization\",\"name\":\"Gen\u00e8se\",\"url\":\"https:\/\/genesestudio.com\/\",\"logo\":{\"@type\":\"ImageObject\",\"inLanguage\":\"cs\",\"@id\":\"https:\/\/genesestudio.com\/#\/schema\/logo\/image\/\",\"url\":\"https:\/\/genesestudio.com\/wp-content\/uploads\/2019\/04\/genese_logo_250x59.png\",\"contentUrl\":\"https:\/\/genesestudio.com\/wp-content\/uploads\/2019\/04\/genese_logo_250x59.png\",\"width\":250,\"height\":59,\"caption\":\"Gen\u00e8se\"},\"image\":{\"@id\":\"https:\/\/genesestudio.com\/#\/schema\/logo\/image\/\"}}]}<\/script>\n<!-- \/ Yoast SEO plugin. -->","yoast_head_json":{"title":"Gen\u00e8se - Canvas chain","description":"Handcrafted high quality chrome plated chain with canvas logo part. Possible split up. Wearable\u00a0separately.","robots":{"index":"index","follow":"follow","max-snippet":"max-snippet:-1","max-image-preview":"max-image-preview:large","max-video-preview":"max-video-preview:-1"},"canonical":"https:\/\/genesestudio.com\/product\/canvas-chain\/","og_locale":"cs_CZ","og_type":"article","og_title":"Gen\u00e8se - Canvas chain","og_description":"Handcrafted high quality chrome plated chain with canvas logo part. Possible split up. Wearable\u00a0separately.","og_url":"https:\/\/genesestudio.com\/product\/canvas-chain\/","og_site_name":"Gen\u00e8se","article_modified_time":"2021-12-27T23:19:58+00:00","og_image":[{"width":2000,"height":2000,"url":"https:\/\/genesestudio.com\/wp-content\/uploads\/2019\/03\/3.0.2_single_canvas_chain_2000x2000.jpg","type":"image\/jpeg"}],"twitter_card":"summary_large_image","twitter_misc":{"Odhadovan\u00e1 doba \u010dten\u00ed":"1 minuta"},"schema":{"@context":"https:\/\/schema.org","@graph":[{"@type":"WebPage","@id":"https:\/\/genesestudio.com\/product\/canvas-chain\/","url":"https:\/\/genesestudio.com\/product\/canvas-chain\/","name":"Gen\u00e8se - Canvas chain","isPartOf":{"@id":"https:\/\/genesestudio.com\/#website"},"primaryImageOfPage":{"@id":"https:\/\/genesestudio.com\/product\/canvas-chain\/#primaryimage"},"image":{"@id":"https:\/\/genesestudio.com\/product\/canvas-chain\/#primaryimage"},"thumbnailUrl":"https:\/\/genesestudio.com\/wp-content\/uploads\/2019\/03\/3.0.2_single_canvas_chain_2000x2000.jpg","datePublished":"2019-03-10T16:30:56+00:00","dateModified":"2021-12-27T23:19:58+00:00","description":"Handcrafted high quality chrome plated chain with canvas logo part. Possible split up. Wearable\u00a0separately.","breadcrumb":{"@id":"https:\/\/genesestudio.com\/product\/canvas-chain\/#breadcrumb"},"inLanguage":"cs","potentialAction":[{"@type":"ReadAction","target":["https:\/\/genesestudio.com\/product\/canvas-chain\/"]}]},{"@type":"ImageObject","inLanguage":"cs","@id":"https:\/\/genesestudio.com\/product\/canvas-chain\/#primaryimage","url":"https:\/\/genesestudio.com\/wp-content\/uploads\/2019\/03\/3.0.2_single_canvas_chain_2000x2000.jpg","contentUrl":"https:\/\/genesestudio.com\/wp-content\/uploads\/2019\/03\/3.0.2_single_canvas_chain_2000x2000.jpg","width":2000,"height":2000},{"@type":"BreadcrumbList","@id":"https:\/\/genesestudio.com\/product\/canvas-chain\/#breadcrumb","itemListElement":[{"@type":"ListItem","position":1,"name":"Home","item":"https:\/\/genesestudio.com\/"},{"@type":"ListItem","position":2,"name":"store","item":"https:\/\/genesestudio.com\/store\/"},{"@type":"ListItem","position":3,"name":"Canvas chain"}]},{"@type":"WebSite","@id":"https:\/\/genesestudio.com\/#website","url":"https:\/\/genesestudio.com\/","name":"Gen\u00e8se","description":"#genesestudio","publisher":{"@id":"https:\/\/genesestudio.com\/#organization"},"potentialAction":[{"@type":"SearchAction","target":{"@type":"EntryPoint","urlTemplate":"https:\/\/genesestudio.com\/?s={search_term_string}"},"query-input":"required name=search_term_string"}],"inLanguage":"cs"},{"@type":"Organization","@id":"https:\/\/genesestudio.com\/#organization","name":"Gen\u00e8se","url":"https:\/\/genesestudio.com\/","logo":{"@type":"ImageObject","inLanguage":"cs","@id":"https:\/\/genesestudio.com\/#\/schema\/logo\/image\/","url":"https:\/\/genesestudio.com\/wp-content\/uploads\/2019\/04\/genese_logo_250x59.png","contentUrl":"https:\/\/genesestudio.com\/wp-content\/uploads\/2019\/04\/genese_logo_250x59.png","width":250,"height":59,"caption":"Gen\u00e8se"},"image":{"@id":"https:\/\/genesestudio.com\/#\/schema\/logo\/image\/"}}]}},"jetpack_sharing_enabled":true,"_links":{"self":[{"href":"https:\/\/genesestudio.com\/cs\/wp-json\/wp\/v2\/product\/875","targetHints":{"allow":["GET"]}}],"collection":[{"href":"https:\/\/genesestudio.com\/cs\/wp-json\/wp\/v2\/product"}],"about":[{"href":"https:\/\/genesestudio.com\/cs\/wp-json\/wp\/v2\/types\/product"}],"version-history":[{"count":0,"href":"https:\/\/genesestudio.com\/cs\/wp-json\/wp\/v2\/product\/875\/revisions"}],"wp:featuredmedia":[{"embeddable":true,"href":"https:\/\/genesestudio.com\/cs\/wp-json\/wp\/v2\/media\/882"}],"wp:attachment":[{"href":"https:\/\/genesestudio.com\/cs\/wp-json\/wp\/v2\/media?parent=875"}],"wp:term":[{"taxonomy":"product_cat","embeddable":true,"href":"https:\/\/genesestudio.com\/cs\/wp-json\/wp\/v2\/product_cat?post=875"},{"taxonomy":"product_tag","embeddable":true,"href":"https:\/\/genesestudio.com\/cs\/wp-json\/wp\/v2\/product_tag?post=875"}],"curies":[{"name":"wp","href":"https:\/\/api.w.org\/{rel}","templated":true}]}}