{"id":15011,"date":"2021-05-12T20:00:12","date_gmt":"2021-05-12T18:00:12","guid":{"rendered":"https:\/\/genesestudio.com\/?post_type=product&#038;p=15011"},"modified":"2024-06-30T23:21:57","modified_gmt":"2024-06-30T21:21:57","slug":"silentheart-bracelet","status":"publish","type":"product","link":"https:\/\/genesestudio.com\/cs\/product\/silentheart-bracelet\/","title":{"rendered":"Silentheart Bracelet"},"content":{"rendered":"","protected":false},"excerpt":{"rendered":"<p>Freshwater pearls and chain combo bracelet. Pearls necklace with 11mm round link chain and 3mm link chain.\u00a0Clasp fastening with G tag. 7mm pearl size.<\/p>\n<p>Available lenght:<br \/>\n17,5cm \/ 7&#8243;<br \/>\n20cm \/ 8&#8243;<\/p>\n<p><span data-v-833b6f08=\"\">Handcrafted in Slovakia.<\/span><\/p>\n","protected":false},"featured_media":15012,"template":"","meta":[],"product_cat":[281,335,336,318,574],"product_tag":[266],"class_list":{"0":"post-15011","1":"product","2":"type-product","3":"status-publish","4":"has-post-thumbnail","6":"product_cat-all","7":"product_cat-all-accessories","8":"product_cat-all-jewellery","9":"product_cat-bracelets","10":"product_cat-pearls","11":"product_tag-test","12":"pa_size-175cm-7","13":"pa_size-20cm-8","15":"first","16":"instock","17":"shipping-taxable","18":"purchasable","19":"product-type-variable","20":"has-default-attributes","21":"customify-col","22":"product-has-gallery"},"yoast_head":"<!-- This site is optimized with the Yoast SEO plugin v22.8 - https:\/\/yoast.com\/wordpress\/plugins\/seo\/ -->\n<title>Gen\u00e8se - Silentheart Bracelet<\/title>\n<meta name=\"description\" content=\"Freshwater pearl bracelet featuring 925 silver letter cubes with GENESE logo.Clasp fastening and G tag.\" \/>\n<meta name=\"robots\" content=\"index, follow, max-snippet:-1, max-image-preview:large, max-video-preview:-1\" \/>\n<link rel=\"canonical\" href=\"https:\/\/genesestudio.com\/product\/silentheart-bracelet\/\" \/>\n<meta property=\"og:locale\" content=\"cs_CZ\" \/>\n<meta property=\"og:type\" content=\"article\" \/>\n<meta property=\"og:title\" content=\"Gen\u00e8se - Silentheart Bracelet\" \/>\n<meta property=\"og:description\" content=\"Freshwater pearl bracelet featuring 925 silver letter cubes with GENESE logo.Clasp fastening and G tag.\" \/>\n<meta property=\"og:url\" content=\"https:\/\/genesestudio.com\/product\/silentheart-bracelet\/\" \/>\n<meta property=\"og:site_name\" content=\"Gen\u00e8se\" \/>\n<meta property=\"article:modified_time\" content=\"2024-06-30T21:21:57+00:00\" \/>\n<meta property=\"og:image\" content=\"https:\/\/genesestudio.com\/wp-content\/uploads\/2021\/04\/silent_bracelet_1500x1500_01.jpg\" \/>\n\t<meta property=\"og:image:width\" content=\"1500\" \/>\n\t<meta property=\"og:image:height\" content=\"1500\" \/>\n\t<meta property=\"og:image:type\" content=\"image\/jpeg\" \/>\n<meta name=\"twitter:card\" content=\"summary_large_image\" \/>\n<meta name=\"twitter:label1\" content=\"Odhadovan\u00e1 doba \u010dten\u00ed\" \/>\n\t<meta name=\"twitter:data1\" content=\"1 minuta\" \/>\n<script type=\"application\/ld+json\" class=\"yoast-schema-graph\">{\"@context\":\"https:\/\/schema.org\",\"@graph\":[{\"@type\":\"WebPage\",\"@id\":\"https:\/\/genesestudio.com\/product\/silentheart-bracelet\/\",\"url\":\"https:\/\/genesestudio.com\/product\/silentheart-bracelet\/\",\"name\":\"Gen\u00e8se - Silentheart Bracelet\",\"isPartOf\":{\"@id\":\"https:\/\/genesestudio.com\/#website\"},\"primaryImageOfPage\":{\"@id\":\"https:\/\/genesestudio.com\/product\/silentheart-bracelet\/#primaryimage\"},\"image\":{\"@id\":\"https:\/\/genesestudio.com\/product\/silentheart-bracelet\/#primaryimage\"},\"thumbnailUrl\":\"https:\/\/genesestudio.com\/wp-content\/uploads\/2021\/04\/silent_bracelet_1500x1500_01.jpg\",\"datePublished\":\"2021-05-12T18:00:12+00:00\",\"dateModified\":\"2024-06-30T21:21:57+00:00\",\"description\":\"Freshwater pearl bracelet featuring 925 silver letter cubes with GENESE logo.Clasp fastening and G tag.\",\"breadcrumb\":{\"@id\":\"https:\/\/genesestudio.com\/product\/silentheart-bracelet\/#breadcrumb\"},\"inLanguage\":\"cs\",\"potentialAction\":[{\"@type\":\"ReadAction\",\"target\":[\"https:\/\/genesestudio.com\/product\/silentheart-bracelet\/\"]}]},{\"@type\":\"ImageObject\",\"inLanguage\":\"cs\",\"@id\":\"https:\/\/genesestudio.com\/product\/silentheart-bracelet\/#primaryimage\",\"url\":\"https:\/\/genesestudio.com\/wp-content\/uploads\/2021\/04\/silent_bracelet_1500x1500_01.jpg\",\"contentUrl\":\"https:\/\/genesestudio.com\/wp-content\/uploads\/2021\/04\/silent_bracelet_1500x1500_01.jpg\",\"width\":1500,\"height\":1500},{\"@type\":\"BreadcrumbList\",\"@id\":\"https:\/\/genesestudio.com\/product\/silentheart-bracelet\/#breadcrumb\",\"itemListElement\":[{\"@type\":\"ListItem\",\"position\":1,\"name\":\"Home\",\"item\":\"https:\/\/genesestudio.com\/\"},{\"@type\":\"ListItem\",\"position\":2,\"name\":\"store\",\"item\":\"https:\/\/genesestudio.com\/store\/\"},{\"@type\":\"ListItem\",\"position\":3,\"name\":\"Silentheart Bracelet\"}]},{\"@type\":\"WebSite\",\"@id\":\"https:\/\/genesestudio.com\/#website\",\"url\":\"https:\/\/genesestudio.com\/\",\"name\":\"Gen\u00e8se\",\"description\":\"#genesestudio\",\"publisher\":{\"@id\":\"https:\/\/genesestudio.com\/#organization\"},\"potentialAction\":[{\"@type\":\"SearchAction\",\"target\":{\"@type\":\"EntryPoint\",\"urlTemplate\":\"https:\/\/genesestudio.com\/?s={search_term_string}\"},\"query-input\":\"required name=search_term_string\"}],\"inLanguage\":\"cs\"},{\"@type\":\"Organization\",\"@id\":\"https:\/\/genesestudio.com\/#organization\",\"name\":\"Gen\u00e8se\",\"url\":\"https:\/\/genesestudio.com\/\",\"logo\":{\"@type\":\"ImageObject\",\"inLanguage\":\"cs\",\"@id\":\"https:\/\/genesestudio.com\/#\/schema\/logo\/image\/\",\"url\":\"https:\/\/genesestudio.com\/wp-content\/uploads\/2019\/04\/genese_logo_250x59.png\",\"contentUrl\":\"https:\/\/genesestudio.com\/wp-content\/uploads\/2019\/04\/genese_logo_250x59.png\",\"width\":250,\"height\":59,\"caption\":\"Gen\u00e8se\"},\"image\":{\"@id\":\"https:\/\/genesestudio.com\/#\/schema\/logo\/image\/\"}}]}<\/script>\n<!-- \/ Yoast SEO plugin. -->","yoast_head_json":{"title":"Gen\u00e8se - Silentheart Bracelet","description":"Freshwater pearl bracelet featuring 925 silver letter cubes with GENESE logo.Clasp fastening and G tag.","robots":{"index":"index","follow":"follow","max-snippet":"max-snippet:-1","max-image-preview":"max-image-preview:large","max-video-preview":"max-video-preview:-1"},"canonical":"https:\/\/genesestudio.com\/product\/silentheart-bracelet\/","og_locale":"cs_CZ","og_type":"article","og_title":"Gen\u00e8se - Silentheart Bracelet","og_description":"Freshwater pearl bracelet featuring 925 silver letter cubes with GENESE logo.Clasp fastening and G tag.","og_url":"https:\/\/genesestudio.com\/product\/silentheart-bracelet\/","og_site_name":"Gen\u00e8se","article_modified_time":"2024-06-30T21:21:57+00:00","og_image":[{"width":1500,"height":1500,"url":"https:\/\/genesestudio.com\/wp-content\/uploads\/2021\/04\/silent_bracelet_1500x1500_01.jpg","type":"image\/jpeg"}],"twitter_card":"summary_large_image","twitter_misc":{"Odhadovan\u00e1 doba \u010dten\u00ed":"1 minuta"},"schema":{"@context":"https:\/\/schema.org","@graph":[{"@type":"WebPage","@id":"https:\/\/genesestudio.com\/product\/silentheart-bracelet\/","url":"https:\/\/genesestudio.com\/product\/silentheart-bracelet\/","name":"Gen\u00e8se - Silentheart Bracelet","isPartOf":{"@id":"https:\/\/genesestudio.com\/#website"},"primaryImageOfPage":{"@id":"https:\/\/genesestudio.com\/product\/silentheart-bracelet\/#primaryimage"},"image":{"@id":"https:\/\/genesestudio.com\/product\/silentheart-bracelet\/#primaryimage"},"thumbnailUrl":"https:\/\/genesestudio.com\/wp-content\/uploads\/2021\/04\/silent_bracelet_1500x1500_01.jpg","datePublished":"2021-05-12T18:00:12+00:00","dateModified":"2024-06-30T21:21:57+00:00","description":"Freshwater pearl bracelet featuring 925 silver letter cubes with GENESE logo.Clasp fastening and G tag.","breadcrumb":{"@id":"https:\/\/genesestudio.com\/product\/silentheart-bracelet\/#breadcrumb"},"inLanguage":"cs","potentialAction":[{"@type":"ReadAction","target":["https:\/\/genesestudio.com\/product\/silentheart-bracelet\/"]}]},{"@type":"ImageObject","inLanguage":"cs","@id":"https:\/\/genesestudio.com\/product\/silentheart-bracelet\/#primaryimage","url":"https:\/\/genesestudio.com\/wp-content\/uploads\/2021\/04\/silent_bracelet_1500x1500_01.jpg","contentUrl":"https:\/\/genesestudio.com\/wp-content\/uploads\/2021\/04\/silent_bracelet_1500x1500_01.jpg","width":1500,"height":1500},{"@type":"BreadcrumbList","@id":"https:\/\/genesestudio.com\/product\/silentheart-bracelet\/#breadcrumb","itemListElement":[{"@type":"ListItem","position":1,"name":"Home","item":"https:\/\/genesestudio.com\/"},{"@type":"ListItem","position":2,"name":"store","item":"https:\/\/genesestudio.com\/store\/"},{"@type":"ListItem","position":3,"name":"Silentheart Bracelet"}]},{"@type":"WebSite","@id":"https:\/\/genesestudio.com\/#website","url":"https:\/\/genesestudio.com\/","name":"Gen\u00e8se","description":"#genesestudio","publisher":{"@id":"https:\/\/genesestudio.com\/#organization"},"potentialAction":[{"@type":"SearchAction","target":{"@type":"EntryPoint","urlTemplate":"https:\/\/genesestudio.com\/?s={search_term_string}"},"query-input":"required name=search_term_string"}],"inLanguage":"cs"},{"@type":"Organization","@id":"https:\/\/genesestudio.com\/#organization","name":"Gen\u00e8se","url":"https:\/\/genesestudio.com\/","logo":{"@type":"ImageObject","inLanguage":"cs","@id":"https:\/\/genesestudio.com\/#\/schema\/logo\/image\/","url":"https:\/\/genesestudio.com\/wp-content\/uploads\/2019\/04\/genese_logo_250x59.png","contentUrl":"https:\/\/genesestudio.com\/wp-content\/uploads\/2019\/04\/genese_logo_250x59.png","width":250,"height":59,"caption":"Gen\u00e8se"},"image":{"@id":"https:\/\/genesestudio.com\/#\/schema\/logo\/image\/"}}]}},"jetpack_sharing_enabled":true,"_links":{"self":[{"href":"https:\/\/genesestudio.com\/cs\/wp-json\/wp\/v2\/product\/15011","targetHints":{"allow":["GET"]}}],"collection":[{"href":"https:\/\/genesestudio.com\/cs\/wp-json\/wp\/v2\/product"}],"about":[{"href":"https:\/\/genesestudio.com\/cs\/wp-json\/wp\/v2\/types\/product"}],"version-history":[{"count":2,"href":"https:\/\/genesestudio.com\/cs\/wp-json\/wp\/v2\/product\/15011\/revisions"}],"predecessor-version":[{"id":22553,"href":"https:\/\/genesestudio.com\/cs\/wp-json\/wp\/v2\/product\/15011\/revisions\/22553"}],"wp:featuredmedia":[{"embeddable":true,"href":"https:\/\/genesestudio.com\/cs\/wp-json\/wp\/v2\/media\/15012"}],"wp:attachment":[{"href":"https:\/\/genesestudio.com\/cs\/wp-json\/wp\/v2\/media?parent=15011"}],"wp:term":[{"taxonomy":"product_cat","embeddable":true,"href":"https:\/\/genesestudio.com\/cs\/wp-json\/wp\/v2\/product_cat?post=15011"},{"taxonomy":"product_tag","embeddable":true,"href":"https:\/\/genesestudio.com\/cs\/wp-json\/wp\/v2\/product_tag?post=15011"}],"curies":[{"name":"wp","href":"https:\/\/api.w.org\/{rel}","templated":true}]}}