{"id":14253,"date":"2021-03-10T20:00:50","date_gmt":"2021-03-10T19:00:50","guid":{"rendered":"https:\/\/genesestudio.com\/?post_type=product&#038;p=14253"},"modified":"2021-12-17T02:28:51","modified_gmt":"2021-12-17T01:28:51","slug":"extra-heavy-essential-hoodie-grey","status":"publish","type":"product","link":"https:\/\/genesestudio.com\/cs\/produkt\/extra-heavy-essential-hoodie-grey\/","title":{"rendered":"Extra Heavy Essential Hoodie &#8211; Grey"},"content":{"rendered":"","protected":false},"excerpt":{"rendered":"<p>Oversize mikina z t\u011b\u017ek\u00e9 510g French Terry tepl\u00e1koviny v \u0161ed\u00e9 barv\u011b. Zdvojen\u00e1 kapuce s elastick\u00fdmi nylonov\u00fdmi \u0161\u0148\u016frami. Kovov\u00e9 doplnky. P\u0159edn\u00ed kapsa. Patent na ruk\u00e1vech a pase.<\/p>\n<p>Materi\u00e1l: Extra \u0165a\u017ek\u00e1 French Terry 100% bavlna\u00a0510 g\/m2.<\/p>\n<p>Focena velikost M.<br \/>\nVyrobeno na Slovensku.<\/p>\n","protected":false},"featured_media":14210,"template":"","meta":[],"product_cat":[297,347,345,301],"product_tag":[274],"class_list":{"0":"post-14253","1":"product","2":"type-product","3":"status-publish","4":"has-post-thumbnail","6":"product_cat-vsechno","7":"product_cat-vrchni-obleceni","8":"product_cat-vsechno-obleceni","9":"product_cat-mikiny-a-svetry","10":"product_tag-test-cs","11":"pa_size-xl-cs","12":"pa_size-s-cs","13":"pa_size-m-cs","14":"pa_size-l-cs","16":"first","17":"outofstock","18":"shipping-taxable","19":"purchasable","20":"product-type-variable","21":"has-default-attributes","22":"customify-col","23":"product-has-gallery"},"yoast_head":"<!-- This site is optimized with the Yoast SEO plugin v22.8 - https:\/\/yoast.com\/wordpress\/plugins\/seo\/ -->\n<title>Gen\u00e8se Extra Heavy Essential Hoodie - Grey<\/title>\n<meta name=\"description\" content=\"Oversize mikina z t\u011b\u017ek\u00e9 510g French Terry tepl\u00e1koviny v \u0161ed\u00e9 barv\u011b. Na hrudi vy\u0161\u00edvan\u00e9 logo &quot;Gen\u00e8se&quot;. Zdvojen\u00e1 kapuce s elastick\u00fdmi nylonov\u00fdmi \u0161\u0148\u016frami. Kovov\u00e9 doplnky. P\u0159edn\u00ed kapsa. Patent na ruk\u00e1vech a pase.\" \/>\n<meta name=\"robots\" content=\"index, follow, max-snippet:-1, max-image-preview:large, max-video-preview:-1\" \/>\n<link rel=\"canonical\" href=\"https:\/\/genesestudio.com\/cs\/product\/extra-heavy-essential-hoodie-grey\/\" \/>\n<meta property=\"og:locale\" content=\"cs_CZ\" \/>\n<meta property=\"og:type\" content=\"article\" \/>\n<meta property=\"og:title\" content=\"Gen\u00e8se Extra Heavy Essential Hoodie - Grey\" \/>\n<meta property=\"og:description\" content=\"Oversize mikina z t\u011b\u017ek\u00e9 510g French Terry tepl\u00e1koviny v \u0161ed\u00e9 barv\u011b. Na hrudi vy\u0161\u00edvan\u00e9 logo &quot;Gen\u00e8se&quot;. Zdvojen\u00e1 kapuce s elastick\u00fdmi nylonov\u00fdmi \u0161\u0148\u016frami. Kovov\u00e9 doplnky. P\u0159edn\u00ed kapsa. Patent na ruk\u00e1vech a pase.\" \/>\n<meta property=\"og:url\" content=\"https:\/\/genesestudio.com\/cs\/product\/extra-heavy-essential-hoodie-grey\/\" \/>\n<meta property=\"og:site_name\" content=\"Gen\u00e8se\" \/>\n<meta property=\"article:modified_time\" content=\"2021-12-17T01:28:51+00:00\" \/>\n<meta property=\"og:image\" content=\"https:\/\/genesestudio.com\/wp-content\/uploads\/2021\/03\/extra_heavy_essential_hoodie_grey_1500x1500_01.jpg\" \/>\n\t<meta property=\"og:image:width\" content=\"1500\" \/>\n\t<meta property=\"og:image:height\" content=\"1500\" \/>\n\t<meta property=\"og:image:type\" content=\"image\/jpeg\" \/>\n<meta name=\"twitter:card\" content=\"summary_large_image\" \/>\n<script type=\"application\/ld+json\" class=\"yoast-schema-graph\">{\"@context\":\"https:\/\/schema.org\",\"@graph\":[{\"@type\":\"WebPage\",\"@id\":\"https:\/\/genesestudio.com\/cs\/product\/extra-heavy-essential-hoodie-grey\/\",\"url\":\"https:\/\/genesestudio.com\/cs\/product\/extra-heavy-essential-hoodie-grey\/\",\"name\":\"Gen\u00e8se Extra Heavy Essential Hoodie - Grey\",\"isPartOf\":{\"@id\":\"https:\/\/genesestudio.com\/#website\"},\"primaryImageOfPage\":{\"@id\":\"https:\/\/genesestudio.com\/cs\/product\/extra-heavy-essential-hoodie-grey\/#primaryimage\"},\"image\":{\"@id\":\"https:\/\/genesestudio.com\/cs\/product\/extra-heavy-essential-hoodie-grey\/#primaryimage\"},\"thumbnailUrl\":\"https:\/\/genesestudio.com\/wp-content\/uploads\/2021\/03\/extra_heavy_essential_hoodie_grey_1500x1500_01.jpg\",\"datePublished\":\"2021-03-10T19:00:50+00:00\",\"dateModified\":\"2021-12-17T01:28:51+00:00\",\"description\":\"Oversize mikina z t\u011b\u017ek\u00e9 510g French Terry tepl\u00e1koviny v \u0161ed\u00e9 barv\u011b. Na hrudi vy\u0161\u00edvan\u00e9 logo \\\"Gen\u00e8se\\\". Zdvojen\u00e1 kapuce s elastick\u00fdmi nylonov\u00fdmi \u0161\u0148\u016frami. Kovov\u00e9 doplnky. P\u0159edn\u00ed kapsa. Patent na ruk\u00e1vech a pase.\",\"breadcrumb\":{\"@id\":\"https:\/\/genesestudio.com\/cs\/product\/extra-heavy-essential-hoodie-grey\/#breadcrumb\"},\"inLanguage\":\"cs\",\"potentialAction\":[{\"@type\":\"ReadAction\",\"target\":[\"https:\/\/genesestudio.com\/cs\/product\/extra-heavy-essential-hoodie-grey\/\"]}]},{\"@type\":\"ImageObject\",\"inLanguage\":\"cs\",\"@id\":\"https:\/\/genesestudio.com\/cs\/product\/extra-heavy-essential-hoodie-grey\/#primaryimage\",\"url\":\"https:\/\/genesestudio.com\/wp-content\/uploads\/2021\/03\/extra_heavy_essential_hoodie_grey_1500x1500_01.jpg\",\"contentUrl\":\"https:\/\/genesestudio.com\/wp-content\/uploads\/2021\/03\/extra_heavy_essential_hoodie_grey_1500x1500_01.jpg\",\"width\":1500,\"height\":1500,\"caption\":\"extra_heavy_essential_hoodie_grey\"},{\"@type\":\"BreadcrumbList\",\"@id\":\"https:\/\/genesestudio.com\/cs\/product\/extra-heavy-essential-hoodie-grey\/#breadcrumb\",\"itemListElement\":[{\"@type\":\"ListItem\",\"position\":1,\"name\":\"Home\",\"item\":\"https:\/\/genesestudio.com\/\"},{\"@type\":\"ListItem\",\"position\":2,\"name\":\"store\",\"item\":\"https:\/\/genesestudio.com\/store\/\"},{\"@type\":\"ListItem\",\"position\":3,\"name\":\"Extra Heavy Essential Hoodie &#8211; Grey\"}]},{\"@type\":\"WebSite\",\"@id\":\"https:\/\/genesestudio.com\/#website\",\"url\":\"https:\/\/genesestudio.com\/\",\"name\":\"Gen\u00e8se\",\"description\":\"#genesestudio\",\"publisher\":{\"@id\":\"https:\/\/genesestudio.com\/#organization\"},\"potentialAction\":[{\"@type\":\"SearchAction\",\"target\":{\"@type\":\"EntryPoint\",\"urlTemplate\":\"https:\/\/genesestudio.com\/?s={search_term_string}\"},\"query-input\":\"required name=search_term_string\"}],\"inLanguage\":\"cs\"},{\"@type\":\"Organization\",\"@id\":\"https:\/\/genesestudio.com\/#organization\",\"name\":\"Gen\u00e8se\",\"url\":\"https:\/\/genesestudio.com\/\",\"logo\":{\"@type\":\"ImageObject\",\"inLanguage\":\"cs\",\"@id\":\"https:\/\/genesestudio.com\/#\/schema\/logo\/image\/\",\"url\":\"https:\/\/genesestudio.com\/wp-content\/uploads\/2019\/04\/genese_logo_250x59.png\",\"contentUrl\":\"https:\/\/genesestudio.com\/wp-content\/uploads\/2019\/04\/genese_logo_250x59.png\",\"width\":250,\"height\":59,\"caption\":\"Gen\u00e8se\"},\"image\":{\"@id\":\"https:\/\/genesestudio.com\/#\/schema\/logo\/image\/\"}}]}<\/script>\n<!-- \/ Yoast SEO plugin. -->","yoast_head_json":{"title":"Gen\u00e8se Extra Heavy Essential Hoodie - Grey","description":"Oversize mikina z t\u011b\u017ek\u00e9 510g French Terry tepl\u00e1koviny v \u0161ed\u00e9 barv\u011b. Na hrudi vy\u0161\u00edvan\u00e9 logo \"Gen\u00e8se\". Zdvojen\u00e1 kapuce s elastick\u00fdmi nylonov\u00fdmi \u0161\u0148\u016frami. Kovov\u00e9 doplnky. P\u0159edn\u00ed kapsa. Patent na ruk\u00e1vech a pase.","robots":{"index":"index","follow":"follow","max-snippet":"max-snippet:-1","max-image-preview":"max-image-preview:large","max-video-preview":"max-video-preview:-1"},"canonical":"https:\/\/genesestudio.com\/cs\/product\/extra-heavy-essential-hoodie-grey\/","og_locale":"cs_CZ","og_type":"article","og_title":"Gen\u00e8se Extra Heavy Essential Hoodie - Grey","og_description":"Oversize mikina z t\u011b\u017ek\u00e9 510g French Terry tepl\u00e1koviny v \u0161ed\u00e9 barv\u011b. Na hrudi vy\u0161\u00edvan\u00e9 logo \"Gen\u00e8se\". Zdvojen\u00e1 kapuce s elastick\u00fdmi nylonov\u00fdmi \u0161\u0148\u016frami. Kovov\u00e9 doplnky. P\u0159edn\u00ed kapsa. Patent na ruk\u00e1vech a pase.","og_url":"https:\/\/genesestudio.com\/cs\/product\/extra-heavy-essential-hoodie-grey\/","og_site_name":"Gen\u00e8se","article_modified_time":"2021-12-17T01:28:51+00:00","og_image":[{"width":1500,"height":1500,"url":"https:\/\/genesestudio.com\/wp-content\/uploads\/2021\/03\/extra_heavy_essential_hoodie_grey_1500x1500_01.jpg","type":"image\/jpeg"}],"twitter_card":"summary_large_image","schema":{"@context":"https:\/\/schema.org","@graph":[{"@type":"WebPage","@id":"https:\/\/genesestudio.com\/cs\/product\/extra-heavy-essential-hoodie-grey\/","url":"https:\/\/genesestudio.com\/cs\/product\/extra-heavy-essential-hoodie-grey\/","name":"Gen\u00e8se Extra Heavy Essential Hoodie - Grey","isPartOf":{"@id":"https:\/\/genesestudio.com\/#website"},"primaryImageOfPage":{"@id":"https:\/\/genesestudio.com\/cs\/product\/extra-heavy-essential-hoodie-grey\/#primaryimage"},"image":{"@id":"https:\/\/genesestudio.com\/cs\/product\/extra-heavy-essential-hoodie-grey\/#primaryimage"},"thumbnailUrl":"https:\/\/genesestudio.com\/wp-content\/uploads\/2021\/03\/extra_heavy_essential_hoodie_grey_1500x1500_01.jpg","datePublished":"2021-03-10T19:00:50+00:00","dateModified":"2021-12-17T01:28:51+00:00","description":"Oversize mikina z t\u011b\u017ek\u00e9 510g French Terry tepl\u00e1koviny v \u0161ed\u00e9 barv\u011b. Na hrudi vy\u0161\u00edvan\u00e9 logo \"Gen\u00e8se\". Zdvojen\u00e1 kapuce s elastick\u00fdmi nylonov\u00fdmi \u0161\u0148\u016frami. Kovov\u00e9 doplnky. P\u0159edn\u00ed kapsa. Patent na ruk\u00e1vech a pase.","breadcrumb":{"@id":"https:\/\/genesestudio.com\/cs\/product\/extra-heavy-essential-hoodie-grey\/#breadcrumb"},"inLanguage":"cs","potentialAction":[{"@type":"ReadAction","target":["https:\/\/genesestudio.com\/cs\/product\/extra-heavy-essential-hoodie-grey\/"]}]},{"@type":"ImageObject","inLanguage":"cs","@id":"https:\/\/genesestudio.com\/cs\/product\/extra-heavy-essential-hoodie-grey\/#primaryimage","url":"https:\/\/genesestudio.com\/wp-content\/uploads\/2021\/03\/extra_heavy_essential_hoodie_grey_1500x1500_01.jpg","contentUrl":"https:\/\/genesestudio.com\/wp-content\/uploads\/2021\/03\/extra_heavy_essential_hoodie_grey_1500x1500_01.jpg","width":1500,"height":1500,"caption":"extra_heavy_essential_hoodie_grey"},{"@type":"BreadcrumbList","@id":"https:\/\/genesestudio.com\/cs\/product\/extra-heavy-essential-hoodie-grey\/#breadcrumb","itemListElement":[{"@type":"ListItem","position":1,"name":"Home","item":"https:\/\/genesestudio.com\/"},{"@type":"ListItem","position":2,"name":"store","item":"https:\/\/genesestudio.com\/store\/"},{"@type":"ListItem","position":3,"name":"Extra Heavy Essential Hoodie &#8211; Grey"}]},{"@type":"WebSite","@id":"https:\/\/genesestudio.com\/#website","url":"https:\/\/genesestudio.com\/","name":"Gen\u00e8se","description":"#genesestudio","publisher":{"@id":"https:\/\/genesestudio.com\/#organization"},"potentialAction":[{"@type":"SearchAction","target":{"@type":"EntryPoint","urlTemplate":"https:\/\/genesestudio.com\/?s={search_term_string}"},"query-input":"required name=search_term_string"}],"inLanguage":"cs"},{"@type":"Organization","@id":"https:\/\/genesestudio.com\/#organization","name":"Gen\u00e8se","url":"https:\/\/genesestudio.com\/","logo":{"@type":"ImageObject","inLanguage":"cs","@id":"https:\/\/genesestudio.com\/#\/schema\/logo\/image\/","url":"https:\/\/genesestudio.com\/wp-content\/uploads\/2019\/04\/genese_logo_250x59.png","contentUrl":"https:\/\/genesestudio.com\/wp-content\/uploads\/2019\/04\/genese_logo_250x59.png","width":250,"height":59,"caption":"Gen\u00e8se"},"image":{"@id":"https:\/\/genesestudio.com\/#\/schema\/logo\/image\/"}}]}},"jetpack_sharing_enabled":true,"_links":{"self":[{"href":"https:\/\/genesestudio.com\/cs\/wp-json\/wp\/v2\/product\/14253","targetHints":{"allow":["GET"]}}],"collection":[{"href":"https:\/\/genesestudio.com\/cs\/wp-json\/wp\/v2\/product"}],"about":[{"href":"https:\/\/genesestudio.com\/cs\/wp-json\/wp\/v2\/types\/product"}],"version-history":[{"count":0,"href":"https:\/\/genesestudio.com\/cs\/wp-json\/wp\/v2\/product\/14253\/revisions"}],"wp:featuredmedia":[{"embeddable":true,"href":"https:\/\/genesestudio.com\/cs\/wp-json\/wp\/v2\/media\/14210"}],"wp:attachment":[{"href":"https:\/\/genesestudio.com\/cs\/wp-json\/wp\/v2\/media?parent=14253"}],"wp:term":[{"taxonomy":"product_cat","embeddable":true,"href":"https:\/\/genesestudio.com\/cs\/wp-json\/wp\/v2\/product_cat?post=14253"},{"taxonomy":"product_tag","embeddable":true,"href":"https:\/\/genesestudio.com\/cs\/wp-json\/wp\/v2\/product_tag?post=14253"}],"curies":[{"name":"wp","href":"https:\/\/api.w.org\/{rel}","templated":true}]}}