{"id":13575,"date":"2020-08-23T20:00:06","date_gmt":"2020-08-23T18:00:06","guid":{"rendered":"https:\/\/genesestudio.com\/produkt\/genesis-pearl-necklace\/"},"modified":"2022-05-22T21:36:03","modified_gmt":"2022-05-22T19:36:03","slug":"genesis-pearl-necklace","status":"publish","type":"product","link":"https:\/\/genesestudio.com\/cs\/produkt\/genesis-pearl-necklace\/","title":{"rendered":"Genesis pearl necklace"},"content":{"rendered":"<p><img fetchpriority=\"high\" decoding=\"async\" class=\"aligncenter size-large wp-image-11417\" src=\"https:\/\/genesestudio.com\/wp-content\/uploads\/2020\/08\/genesis_pearl_necklace_2000x2000_01.2-2-1024x1024.jpg\" alt=\"\" width=\"843\" height=\"843\" srcset=\"https:\/\/genesestudio.com\/wp-content\/uploads\/2020\/08\/genesis_pearl_necklace_2000x2000_01.2-2-1024x1024.jpg 1024w, https:\/\/genesestudio.com\/wp-content\/uploads\/2020\/08\/genesis_pearl_necklace_2000x2000_01.2-2-1000x1000.jpg 1000w, https:\/\/genesestudio.com\/wp-content\/uploads\/2020\/08\/genesis_pearl_necklace_2000x2000_01.2-2-100x100.jpg 100w, https:\/\/genesestudio.com\/wp-content\/uploads\/2020\/08\/genesis_pearl_necklace_2000x2000_01.2-2-300x300.jpg 300w, https:\/\/genesestudio.com\/wp-content\/uploads\/2020\/08\/genesis_pearl_necklace_2000x2000_01.2-2-150x150.jpg 150w, https:\/\/genesestudio.com\/wp-content\/uploads\/2020\/08\/genesis_pearl_necklace_2000x2000_01.2-2-768x768.jpg 768w, https:\/\/genesestudio.com\/wp-content\/uploads\/2020\/08\/genesis_pearl_necklace_2000x2000_01.2-2-1536x1536.jpg 1536w, https:\/\/genesestudio.com\/wp-content\/uploads\/2020\/08\/genesis_pearl_necklace_2000x2000_01.2-2.jpg 2000w\" sizes=\"(max-width: 843px) 100vw, 843px\" \/><img decoding=\"async\" class=\"aligncenter size-large wp-image-11345\" src=\"https:\/\/genesestudio.com\/wp-content\/uploads\/2020\/08\/genesis_pearl_necklace_2000x2000_02-1024x1024.jpg\" alt=\"genesis_pearl_necklace\" width=\"843\" height=\"843\" srcset=\"https:\/\/genesestudio.com\/wp-content\/uploads\/2020\/08\/genesis_pearl_necklace_2000x2000_02-1024x1024.jpg 1024w, https:\/\/genesestudio.com\/wp-content\/uploads\/2020\/08\/genesis_pearl_necklace_2000x2000_02-1000x1000.jpg 1000w, https:\/\/genesestudio.com\/wp-content\/uploads\/2020\/08\/genesis_pearl_necklace_2000x2000_02-100x100.jpg 100w, https:\/\/genesestudio.com\/wp-content\/uploads\/2020\/08\/genesis_pearl_necklace_2000x2000_02-300x300.jpg 300w, https:\/\/genesestudio.com\/wp-content\/uploads\/2020\/08\/genesis_pearl_necklace_2000x2000_02-150x150.jpg 150w, https:\/\/genesestudio.com\/wp-content\/uploads\/2020\/08\/genesis_pearl_necklace_2000x2000_02-768x768.jpg 768w, https:\/\/genesestudio.com\/wp-content\/uploads\/2020\/08\/genesis_pearl_necklace_2000x2000_02-1536x1536.jpg 1536w, https:\/\/genesestudio.com\/wp-content\/uploads\/2020\/08\/genesis_pearl_necklace_2000x2000_02.jpg 2000w\" sizes=\"(max-width: 843px) 100vw, 843px\" \/><\/p>\n<p><img decoding=\"async\" class=\"aligncenter wp-image-14827 size-large\" src=\"https:\/\/genesestudio.com\/wp-content\/uploads\/2020\/08\/DSC00096edit_1500x1500-1024x1024.jpg\" alt=\"\" width=\"843\" height=\"843\" srcset=\"https:\/\/genesestudio.com\/wp-content\/uploads\/2020\/08\/DSC00096edit_1500x1500-1024x1024.jpg 1024w, https:\/\/genesestudio.com\/wp-content\/uploads\/2020\/08\/DSC00096edit_1500x1500-1000x1000.jpg 1000w, https:\/\/genesestudio.com\/wp-content\/uploads\/2020\/08\/DSC00096edit_1500x1500-100x100.jpg 100w, https:\/\/genesestudio.com\/wp-content\/uploads\/2020\/08\/DSC00096edit_1500x1500-300x300.jpg 300w, https:\/\/genesestudio.com\/wp-content\/uploads\/2020\/08\/DSC00096edit_1500x1500-150x150.jpg 150w, https:\/\/genesestudio.com\/wp-content\/uploads\/2020\/08\/DSC00096edit_1500x1500-768x768.jpg 768w, https:\/\/genesestudio.com\/wp-content\/uploads\/2020\/08\/DSC00096edit_1500x1500-60x60.jpg 60w, https:\/\/genesestudio.com\/wp-content\/uploads\/2020\/08\/DSC00096edit_1500x1500-90x90.jpg 90w, https:\/\/genesestudio.com\/wp-content\/uploads\/2020\/08\/DSC00096edit_1500x1500.jpg 1500w\" sizes=\"(max-width: 843px) 100vw, 843px\" \/><\/p>\n","protected":false},"excerpt":{"rendered":"<p>Perlov\u00fd n\u00e1hrdeln\u00edk ze sladkovodn\u00edch prav\u00fdch perel s p\u0159\u00edv\u011bskem p\u00edsmene G.<br \/>\nSt\u0159\u00edbrn\u00e9 zap\u00edn\u00e1n\u00ed na sponu s mal\u00fdm G tagom.<\/p>\n<p>Dostupn\u00e9 d\u00e9lky:<br \/>\n45cm \/ 18 &#8220;<br \/>\n48cm \/ 19 &#8220;<br \/>\n50cm \/ 20 &#8220;<\/p>\n<p>Focena velikost 45cm.<br \/>\nRu\u010dn\u011b vyr\u00e1b\u011bn\u00e9 na Slovensku.<\/p>\n","protected":false},"featured_media":11418,"template":"","meta":[],"product_cat":[575,297,343,346,352],"product_tag":[274],"class_list":{"0":"post-13575","1":"product","2":"type-product","3":"status-publish","4":"has-post-thumbnail","6":"product_cat-perly-cs","7":"product_cat-vsechno","8":"product_cat-vsechny-doplnky","9":"product_cat-vsechny-sperky","10":"product_cat-nahrdelniky-cs","11":"product_tag-test-cs","12":"pa_size-45cm-18-cs","13":"pa_size-48cm-19-cs","14":"pa_size-50cm-20-cs","16":"first","17":"instock","18":"shipping-taxable","19":"purchasable","20":"product-type-variable","21":"has-default-attributes","22":"customify-col","23":"product-has-gallery"},"yoast_head":"<!-- This site is optimized with the Yoast SEO plugin v22.8 - https:\/\/yoast.com\/wordpress\/plugins\/seo\/ -->\n<title>Genesis pearl necklace - Gen\u00e8se<\/title>\n<meta name=\"description\" content=\"Perlov\u00fd n\u00e1hrdeln\u00edk ze sladkovodn\u00edch \u00a0prav\u00fdch perel s p\u0159\u00edv\u011bskem p\u00edsmene G. St\u0159\u00edbrn\u00e9 zap\u00edn\u00e1n\u00ed na sponu se zna\u010dkou G.\" \/>\n<meta name=\"robots\" content=\"index, follow, max-snippet:-1, max-image-preview:large, max-video-preview:-1\" \/>\n<link rel=\"canonical\" href=\"https:\/\/genesestudio.com\/cs\/produkt\/genesis-pearl-necklace\/\" \/>\n<meta property=\"og:locale\" content=\"cs_CZ\" \/>\n<meta property=\"og:type\" content=\"article\" \/>\n<meta property=\"og:title\" content=\"Genesis pearl necklace - Gen\u00e8se\" \/>\n<meta property=\"og:description\" content=\"Perlov\u00fd n\u00e1hrdeln\u00edk ze sladkovodn\u00edch \u00a0prav\u00fdch perel s p\u0159\u00edv\u011bskem p\u00edsmene G. St\u0159\u00edbrn\u00e9 zap\u00edn\u00e1n\u00ed na sponu se zna\u010dkou G.\" \/>\n<meta property=\"og:url\" content=\"https:\/\/genesestudio.com\/cs\/produkt\/genesis-pearl-necklace\/\" \/>\n<meta property=\"og:site_name\" content=\"Gen\u00e8se\" \/>\n<meta property=\"article:modified_time\" content=\"2022-05-22T19:36:03+00:00\" \/>\n<meta property=\"og:image\" content=\"https:\/\/genesestudio.com\/wp-content\/uploads\/2020\/08\/genesis_pearl_necklace_2000x2000_01.2-2.jpg\" \/>\n\t<meta property=\"og:image:width\" content=\"2000\" \/>\n\t<meta property=\"og:image:height\" content=\"2000\" \/>\n\t<meta property=\"og:image:type\" content=\"image\/jpeg\" \/>\n<meta name=\"twitter:card\" content=\"summary_large_image\" \/>\n<script type=\"application\/ld+json\" class=\"yoast-schema-graph\">{\"@context\":\"https:\/\/schema.org\",\"@graph\":[{\"@type\":\"WebPage\",\"@id\":\"https:\/\/genesestudio.com\/cs\/produkt\/genesis-pearl-necklace\/\",\"url\":\"https:\/\/genesestudio.com\/cs\/produkt\/genesis-pearl-necklace\/\",\"name\":\"Genesis pearl necklace - Gen\u00e8se\",\"isPartOf\":{\"@id\":\"https:\/\/genesestudio.com\/#website\"},\"primaryImageOfPage\":{\"@id\":\"https:\/\/genesestudio.com\/cs\/produkt\/genesis-pearl-necklace\/#primaryimage\"},\"image\":{\"@id\":\"https:\/\/genesestudio.com\/cs\/produkt\/genesis-pearl-necklace\/#primaryimage\"},\"thumbnailUrl\":\"https:\/\/genesestudio.com\/wp-content\/uploads\/2020\/08\/genesis_pearl_necklace_2000x2000_01.2-2.jpg\",\"datePublished\":\"2020-08-23T18:00:06+00:00\",\"dateModified\":\"2022-05-22T19:36:03+00:00\",\"description\":\"Perlov\u00fd n\u00e1hrdeln\u00edk ze sladkovodn\u00edch \u00a0prav\u00fdch perel s p\u0159\u00edv\u011bskem p\u00edsmene G. St\u0159\u00edbrn\u00e9 zap\u00edn\u00e1n\u00ed na sponu se zna\u010dkou G.\",\"breadcrumb\":{\"@id\":\"https:\/\/genesestudio.com\/cs\/produkt\/genesis-pearl-necklace\/#breadcrumb\"},\"inLanguage\":\"cs\",\"potentialAction\":[{\"@type\":\"ReadAction\",\"target\":[\"https:\/\/genesestudio.com\/cs\/produkt\/genesis-pearl-necklace\/\"]}]},{\"@type\":\"ImageObject\",\"inLanguage\":\"cs\",\"@id\":\"https:\/\/genesestudio.com\/cs\/produkt\/genesis-pearl-necklace\/#primaryimage\",\"url\":\"https:\/\/genesestudio.com\/wp-content\/uploads\/2020\/08\/genesis_pearl_necklace_2000x2000_01.2-2.jpg\",\"contentUrl\":\"https:\/\/genesestudio.com\/wp-content\/uploads\/2020\/08\/genesis_pearl_necklace_2000x2000_01.2-2.jpg\",\"width\":2000,\"height\":2000},{\"@type\":\"BreadcrumbList\",\"@id\":\"https:\/\/genesestudio.com\/cs\/produkt\/genesis-pearl-necklace\/#breadcrumb\",\"itemListElement\":[{\"@type\":\"ListItem\",\"position\":1,\"name\":\"Home\",\"item\":\"https:\/\/genesestudio.com\/\"},{\"@type\":\"ListItem\",\"position\":2,\"name\":\"store\",\"item\":\"https:\/\/genesestudio.com\/store\/\"},{\"@type\":\"ListItem\",\"position\":3,\"name\":\"Genesis pearl necklace\"}]},{\"@type\":\"WebSite\",\"@id\":\"https:\/\/genesestudio.com\/#website\",\"url\":\"https:\/\/genesestudio.com\/\",\"name\":\"Gen\u00e8se\",\"description\":\"#genesestudio\",\"publisher\":{\"@id\":\"https:\/\/genesestudio.com\/#organization\"},\"potentialAction\":[{\"@type\":\"SearchAction\",\"target\":{\"@type\":\"EntryPoint\",\"urlTemplate\":\"https:\/\/genesestudio.com\/?s={search_term_string}\"},\"query-input\":\"required name=search_term_string\"}],\"inLanguage\":\"cs\"},{\"@type\":\"Organization\",\"@id\":\"https:\/\/genesestudio.com\/#organization\",\"name\":\"Gen\u00e8se\",\"url\":\"https:\/\/genesestudio.com\/\",\"logo\":{\"@type\":\"ImageObject\",\"inLanguage\":\"cs\",\"@id\":\"https:\/\/genesestudio.com\/#\/schema\/logo\/image\/\",\"url\":\"https:\/\/genesestudio.com\/wp-content\/uploads\/2019\/04\/genese_logo_250x59.png\",\"contentUrl\":\"https:\/\/genesestudio.com\/wp-content\/uploads\/2019\/04\/genese_logo_250x59.png\",\"width\":250,\"height\":59,\"caption\":\"Gen\u00e8se\"},\"image\":{\"@id\":\"https:\/\/genesestudio.com\/#\/schema\/logo\/image\/\"}}]}<\/script>\n<!-- \/ Yoast SEO plugin. -->","yoast_head_json":{"title":"Genesis pearl necklace - Gen\u00e8se","description":"Perlov\u00fd n\u00e1hrdeln\u00edk ze sladkovodn\u00edch \u00a0prav\u00fdch perel s p\u0159\u00edv\u011bskem p\u00edsmene G. St\u0159\u00edbrn\u00e9 zap\u00edn\u00e1n\u00ed na sponu se zna\u010dkou G.","robots":{"index":"index","follow":"follow","max-snippet":"max-snippet:-1","max-image-preview":"max-image-preview:large","max-video-preview":"max-video-preview:-1"},"canonical":"https:\/\/genesestudio.com\/cs\/produkt\/genesis-pearl-necklace\/","og_locale":"cs_CZ","og_type":"article","og_title":"Genesis pearl necklace - Gen\u00e8se","og_description":"Perlov\u00fd n\u00e1hrdeln\u00edk ze sladkovodn\u00edch \u00a0prav\u00fdch perel s p\u0159\u00edv\u011bskem p\u00edsmene G. St\u0159\u00edbrn\u00e9 zap\u00edn\u00e1n\u00ed na sponu se zna\u010dkou G.","og_url":"https:\/\/genesestudio.com\/cs\/produkt\/genesis-pearl-necklace\/","og_site_name":"Gen\u00e8se","article_modified_time":"2022-05-22T19:36:03+00:00","og_image":[{"width":2000,"height":2000,"url":"https:\/\/genesestudio.com\/wp-content\/uploads\/2020\/08\/genesis_pearl_necklace_2000x2000_01.2-2.jpg","type":"image\/jpeg"}],"twitter_card":"summary_large_image","schema":{"@context":"https:\/\/schema.org","@graph":[{"@type":"WebPage","@id":"https:\/\/genesestudio.com\/cs\/produkt\/genesis-pearl-necklace\/","url":"https:\/\/genesestudio.com\/cs\/produkt\/genesis-pearl-necklace\/","name":"Genesis pearl necklace - Gen\u00e8se","isPartOf":{"@id":"https:\/\/genesestudio.com\/#website"},"primaryImageOfPage":{"@id":"https:\/\/genesestudio.com\/cs\/produkt\/genesis-pearl-necklace\/#primaryimage"},"image":{"@id":"https:\/\/genesestudio.com\/cs\/produkt\/genesis-pearl-necklace\/#primaryimage"},"thumbnailUrl":"https:\/\/genesestudio.com\/wp-content\/uploads\/2020\/08\/genesis_pearl_necklace_2000x2000_01.2-2.jpg","datePublished":"2020-08-23T18:00:06+00:00","dateModified":"2022-05-22T19:36:03+00:00","description":"Perlov\u00fd n\u00e1hrdeln\u00edk ze sladkovodn\u00edch \u00a0prav\u00fdch perel s p\u0159\u00edv\u011bskem p\u00edsmene G. St\u0159\u00edbrn\u00e9 zap\u00edn\u00e1n\u00ed na sponu se zna\u010dkou G.","breadcrumb":{"@id":"https:\/\/genesestudio.com\/cs\/produkt\/genesis-pearl-necklace\/#breadcrumb"},"inLanguage":"cs","potentialAction":[{"@type":"ReadAction","target":["https:\/\/genesestudio.com\/cs\/produkt\/genesis-pearl-necklace\/"]}]},{"@type":"ImageObject","inLanguage":"cs","@id":"https:\/\/genesestudio.com\/cs\/produkt\/genesis-pearl-necklace\/#primaryimage","url":"https:\/\/genesestudio.com\/wp-content\/uploads\/2020\/08\/genesis_pearl_necklace_2000x2000_01.2-2.jpg","contentUrl":"https:\/\/genesestudio.com\/wp-content\/uploads\/2020\/08\/genesis_pearl_necklace_2000x2000_01.2-2.jpg","width":2000,"height":2000},{"@type":"BreadcrumbList","@id":"https:\/\/genesestudio.com\/cs\/produkt\/genesis-pearl-necklace\/#breadcrumb","itemListElement":[{"@type":"ListItem","position":1,"name":"Home","item":"https:\/\/genesestudio.com\/"},{"@type":"ListItem","position":2,"name":"store","item":"https:\/\/genesestudio.com\/store\/"},{"@type":"ListItem","position":3,"name":"Genesis pearl necklace"}]},{"@type":"WebSite","@id":"https:\/\/genesestudio.com\/#website","url":"https:\/\/genesestudio.com\/","name":"Gen\u00e8se","description":"#genesestudio","publisher":{"@id":"https:\/\/genesestudio.com\/#organization"},"potentialAction":[{"@type":"SearchAction","target":{"@type":"EntryPoint","urlTemplate":"https:\/\/genesestudio.com\/?s={search_term_string}"},"query-input":"required name=search_term_string"}],"inLanguage":"cs"},{"@type":"Organization","@id":"https:\/\/genesestudio.com\/#organization","name":"Gen\u00e8se","url":"https:\/\/genesestudio.com\/","logo":{"@type":"ImageObject","inLanguage":"cs","@id":"https:\/\/genesestudio.com\/#\/schema\/logo\/image\/","url":"https:\/\/genesestudio.com\/wp-content\/uploads\/2019\/04\/genese_logo_250x59.png","contentUrl":"https:\/\/genesestudio.com\/wp-content\/uploads\/2019\/04\/genese_logo_250x59.png","width":250,"height":59,"caption":"Gen\u00e8se"},"image":{"@id":"https:\/\/genesestudio.com\/#\/schema\/logo\/image\/"}}]}},"jetpack_sharing_enabled":true,"_links":{"self":[{"href":"https:\/\/genesestudio.com\/cs\/wp-json\/wp\/v2\/product\/13575","targetHints":{"allow":["GET"]}}],"collection":[{"href":"https:\/\/genesestudio.com\/cs\/wp-json\/wp\/v2\/product"}],"about":[{"href":"https:\/\/genesestudio.com\/cs\/wp-json\/wp\/v2\/types\/product"}],"version-history":[{"count":1,"href":"https:\/\/genesestudio.com\/cs\/wp-json\/wp\/v2\/product\/13575\/revisions"}],"predecessor-version":[{"id":21325,"href":"https:\/\/genesestudio.com\/cs\/wp-json\/wp\/v2\/product\/13575\/revisions\/21325"}],"wp:featuredmedia":[{"embeddable":true,"href":"https:\/\/genesestudio.com\/cs\/wp-json\/wp\/v2\/media\/11418"}],"wp:attachment":[{"href":"https:\/\/genesestudio.com\/cs\/wp-json\/wp\/v2\/media?parent=13575"}],"wp:term":[{"taxonomy":"product_cat","embeddable":true,"href":"https:\/\/genesestudio.com\/cs\/wp-json\/wp\/v2\/product_cat?post=13575"},{"taxonomy":"product_tag","embeddable":true,"href":"https:\/\/genesestudio.com\/cs\/wp-json\/wp\/v2\/product_tag?post=13575"}],"curies":[{"name":"wp","href":"https:\/\/api.w.org\/{rel}","templated":true}]}}