{"id":13017,"date":"2020-08-23T20:00:43","date_gmt":"2020-08-23T18:00:43","guid":{"rendered":"https:\/\/genesestudio.com\/produkt\/the-silentheart-necklace\/"},"modified":"2021-07-24T19:56:01","modified_gmt":"2021-07-24T17:56:01","slug":"the-silentheart-necklace","status":"publish","type":"product","link":"https:\/\/genesestudio.com\/cs\/produkt\/the-silentheart-necklace\/","title":{"rendered":"The Silentheart Necklace"},"content":{"rendered":"<p><img fetchpriority=\"high\" decoding=\"async\" class=\"size-large wp-image-11283 aligncenter\" src=\"https:\/\/genesestudio.com\/wp-content\/uploads\/2020\/08\/pearl_combo_2000x2000_02-1-1024x1024.jpg\" alt=\"\" width=\"843\" height=\"843\" srcset=\"https:\/\/genesestudio.com\/wp-content\/uploads\/2020\/08\/pearl_combo_2000x2000_02-1-1024x1024.jpg 1024w, https:\/\/genesestudio.com\/wp-content\/uploads\/2020\/08\/pearl_combo_2000x2000_02-1-1000x1000.jpg 1000w, https:\/\/genesestudio.com\/wp-content\/uploads\/2020\/08\/pearl_combo_2000x2000_02-1-100x100.jpg 100w, https:\/\/genesestudio.com\/wp-content\/uploads\/2020\/08\/pearl_combo_2000x2000_02-1-300x300.jpg 300w, https:\/\/genesestudio.com\/wp-content\/uploads\/2020\/08\/pearl_combo_2000x2000_02-1-150x150.jpg 150w, https:\/\/genesestudio.com\/wp-content\/uploads\/2020\/08\/pearl_combo_2000x2000_02-1-768x768.jpg 768w, https:\/\/genesestudio.com\/wp-content\/uploads\/2020\/08\/pearl_combo_2000x2000_02-1-1536x1536.jpg 1536w, https:\/\/genesestudio.com\/wp-content\/uploads\/2020\/08\/pearl_combo_2000x2000_02-1.jpg 2000w\" sizes=\"(max-width: 843px) 100vw, 843px\" \/> <img decoding=\"async\" class=\"size-large wp-image-11280 aligncenter\" src=\"https:\/\/genesestudio.com\/wp-content\/uploads\/2020\/08\/pearl_combo_2000x2000_05-1024x1024.jpg\" alt=\"\" width=\"843\" height=\"843\" srcset=\"https:\/\/genesestudio.com\/wp-content\/uploads\/2020\/08\/pearl_combo_2000x2000_05-1024x1024.jpg 1024w, https:\/\/genesestudio.com\/wp-content\/uploads\/2020\/08\/pearl_combo_2000x2000_05-1000x1000.jpg 1000w, https:\/\/genesestudio.com\/wp-content\/uploads\/2020\/08\/pearl_combo_2000x2000_05-100x100.jpg 100w, https:\/\/genesestudio.com\/wp-content\/uploads\/2020\/08\/pearl_combo_2000x2000_05-300x300.jpg 300w, https:\/\/genesestudio.com\/wp-content\/uploads\/2020\/08\/pearl_combo_2000x2000_05-150x150.jpg 150w, https:\/\/genesestudio.com\/wp-content\/uploads\/2020\/08\/pearl_combo_2000x2000_05-768x768.jpg 768w, https:\/\/genesestudio.com\/wp-content\/uploads\/2020\/08\/pearl_combo_2000x2000_05-1536x1536.jpg 1536w, https:\/\/genesestudio.com\/wp-content\/uploads\/2020\/08\/pearl_combo_2000x2000_05.jpg 2000w\" sizes=\"(max-width: 843px) 100vw, 843px\" \/><\/p>\n<p><img decoding=\"async\" class=\"size-large wp-image-11274 aligncenter\" src=\"https:\/\/genesestudio.com\/wp-content\/uploads\/2020\/08\/pearl_combo_2000x2000_03-1024x1024.jpg\" alt=\"\" width=\"843\" height=\"843\" srcset=\"https:\/\/genesestudio.com\/wp-content\/uploads\/2020\/08\/pearl_combo_2000x2000_03-1024x1024.jpg 1024w, https:\/\/genesestudio.com\/wp-content\/uploads\/2020\/08\/pearl_combo_2000x2000_03-1000x1000.jpg 1000w, https:\/\/genesestudio.com\/wp-content\/uploads\/2020\/08\/pearl_combo_2000x2000_03-100x100.jpg 100w, https:\/\/genesestudio.com\/wp-content\/uploads\/2020\/08\/pearl_combo_2000x2000_03-300x300.jpg 300w, https:\/\/genesestudio.com\/wp-content\/uploads\/2020\/08\/pearl_combo_2000x2000_03-150x150.jpg 150w, https:\/\/genesestudio.com\/wp-content\/uploads\/2020\/08\/pearl_combo_2000x2000_03-768x768.jpg 768w, https:\/\/genesestudio.com\/wp-content\/uploads\/2020\/08\/pearl_combo_2000x2000_03-1536x1536.jpg 1536w, https:\/\/genesestudio.com\/wp-content\/uploads\/2020\/08\/pearl_combo_2000x2000_03.jpg 2000w\" sizes=\"(max-width: 843px) 100vw, 843px\" \/> <img loading=\"lazy\" decoding=\"async\" class=\"aligncenter size-large wp-image-11288\" src=\"https:\/\/genesestudio.com\/wp-content\/uploads\/2020\/08\/pearl_combo_2000x2000_04-1-1024x1024.jpg\" alt=\"\" width=\"843\" height=\"843\" srcset=\"https:\/\/genesestudio.com\/wp-content\/uploads\/2020\/08\/pearl_combo_2000x2000_04-1-1024x1024.jpg 1024w, https:\/\/genesestudio.com\/wp-content\/uploads\/2020\/08\/pearl_combo_2000x2000_04-1-1000x1000.jpg 1000w, https:\/\/genesestudio.com\/wp-content\/uploads\/2020\/08\/pearl_combo_2000x2000_04-1-100x100.jpg 100w, https:\/\/genesestudio.com\/wp-content\/uploads\/2020\/08\/pearl_combo_2000x2000_04-1-300x300.jpg 300w, https:\/\/genesestudio.com\/wp-content\/uploads\/2020\/08\/pearl_combo_2000x2000_04-1-150x150.jpg 150w, https:\/\/genesestudio.com\/wp-content\/uploads\/2020\/08\/pearl_combo_2000x2000_04-1-768x768.jpg 768w, https:\/\/genesestudio.com\/wp-content\/uploads\/2020\/08\/pearl_combo_2000x2000_04-1-1536x1536.jpg 1536w, https:\/\/genesestudio.com\/wp-content\/uploads\/2020\/08\/pearl_combo_2000x2000_04-1.jpg 2000w\" sizes=\"(max-width: 843px) 100vw, 843px\" \/><\/p>\n","protected":false},"excerpt":{"rendered":"<p>Trojit\u00fd kombinovan\u00fd n\u00e1hrdeln\u00edk ze sladkovodn\u00edch perel, 3mm cuban chain a 11 mm round chain \u0159et\u011bz\u016f. P\u0159\u00edv\u011bsek p\u00edsmeno G. St\u0159\u00edbrn\u00e9 zap\u00edn\u00e1n\u00ed na sponu s mini G \u0161t\u00edtkem.<\/p>\n<p>Dostupn\u00e9 d\u00e9lky:<br \/>\n45cm \/ 18 &#8220;<br \/>\n48cm \/ 19 &#8220;<br \/>\n50cm \/ 20 &#8220;<\/p>\n<p>Focena velikost 45cm.<br \/>\nRu\u010dn\u011b vyr\u00e1b\u011bn\u00e9 na Slovensku.<\/p>\n","protected":false},"featured_media":11269,"template":"","meta":[],"product_cat":[575,297,343,346,352],"product_tag":[274],"class_list":{"0":"post-13017","1":"product","2":"type-product","3":"status-publish","4":"has-post-thumbnail","6":"product_cat-perly-cs","7":"product_cat-vsechno","8":"product_cat-vsechny-doplnky","9":"product_cat-vsechny-sperky","10":"product_cat-nahrdelniky-cs","11":"product_tag-test-cs","12":"pa_size-45cm-18-cs","13":"pa_size-48cm-19-cs","14":"pa_size-50cm-20-cs","16":"first","17":"instock","18":"shipping-taxable","19":"purchasable","20":"product-type-variable","21":"has-default-attributes","22":"customify-col","23":"product-has-gallery"},"yoast_head":"<!-- This site is optimized with the Yoast SEO plugin v22.8 - https:\/\/yoast.com\/wordpress\/plugins\/seo\/ -->\n<title>Gen\u00e8se - The Silentheart Necklace<\/title>\n<meta name=\"description\" content=\"Pearls and chain combo necklace. Pearls necklace with 11mm round link chain and 3mm link chain with G letter pendant.\" \/>\n<meta name=\"robots\" content=\"index, follow, max-snippet:-1, max-image-preview:large, max-video-preview:-1\" \/>\n<link rel=\"canonical\" href=\"https:\/\/genesestudio.com\/cs\/product\/the-silentheart-necklace\/\" \/>\n<meta property=\"og:locale\" content=\"cs_CZ\" \/>\n<meta property=\"og:type\" content=\"article\" \/>\n<meta property=\"og:title\" content=\"Gen\u00e8se - The Silentheart Necklace\" \/>\n<meta property=\"og:description\" content=\"Pearls and chain combo necklace. Pearls necklace with 11mm round link chain and 3mm link chain with G letter pendant.\" \/>\n<meta property=\"og:url\" content=\"https:\/\/genesestudio.com\/cs\/product\/the-silentheart-necklace\/\" \/>\n<meta property=\"og:site_name\" content=\"Gen\u00e8se\" \/>\n<meta property=\"article:modified_time\" content=\"2021-07-24T17:56:01+00:00\" \/>\n<meta property=\"og:image\" content=\"https:\/\/genesestudio.com\/wp-content\/uploads\/2020\/08\/pearl_combo_2000X2000_01.jpg\" \/>\n\t<meta property=\"og:image:width\" content=\"2000\" \/>\n\t<meta property=\"og:image:height\" content=\"2000\" \/>\n\t<meta property=\"og:image:type\" content=\"image\/jpeg\" \/>\n<meta name=\"twitter:card\" content=\"summary_large_image\" \/>\n<script type=\"application\/ld+json\" class=\"yoast-schema-graph\">{\"@context\":\"https:\/\/schema.org\",\"@graph\":[{\"@type\":\"WebPage\",\"@id\":\"https:\/\/genesestudio.com\/cs\/product\/the-silentheart-necklace\/\",\"url\":\"https:\/\/genesestudio.com\/cs\/product\/the-silentheart-necklace\/\",\"name\":\"Gen\u00e8se - The Silentheart Necklace\",\"isPartOf\":{\"@id\":\"https:\/\/genesestudio.com\/#website\"},\"primaryImageOfPage\":{\"@id\":\"https:\/\/genesestudio.com\/cs\/product\/the-silentheart-necklace\/#primaryimage\"},\"image\":{\"@id\":\"https:\/\/genesestudio.com\/cs\/product\/the-silentheart-necklace\/#primaryimage\"},\"thumbnailUrl\":\"https:\/\/genesestudio.com\/wp-content\/uploads\/2020\/08\/pearl_combo_2000X2000_01.jpg\",\"datePublished\":\"2020-08-23T18:00:43+00:00\",\"dateModified\":\"2021-07-24T17:56:01+00:00\",\"description\":\"Pearls and chain combo necklace. Pearls necklace with 11mm round link chain and 3mm link chain with G letter pendant.\",\"breadcrumb\":{\"@id\":\"https:\/\/genesestudio.com\/cs\/product\/the-silentheart-necklace\/#breadcrumb\"},\"inLanguage\":\"cs\",\"potentialAction\":[{\"@type\":\"ReadAction\",\"target\":[\"https:\/\/genesestudio.com\/cs\/product\/the-silentheart-necklace\/\"]}]},{\"@type\":\"ImageObject\",\"inLanguage\":\"cs\",\"@id\":\"https:\/\/genesestudio.com\/cs\/product\/the-silentheart-necklace\/#primaryimage\",\"url\":\"https:\/\/genesestudio.com\/wp-content\/uploads\/2020\/08\/pearl_combo_2000X2000_01.jpg\",\"contentUrl\":\"https:\/\/genesestudio.com\/wp-content\/uploads\/2020\/08\/pearl_combo_2000X2000_01.jpg\",\"width\":2000,\"height\":2000},{\"@type\":\"BreadcrumbList\",\"@id\":\"https:\/\/genesestudio.com\/cs\/product\/the-silentheart-necklace\/#breadcrumb\",\"itemListElement\":[{\"@type\":\"ListItem\",\"position\":1,\"name\":\"Home\",\"item\":\"https:\/\/genesestudio.com\/\"},{\"@type\":\"ListItem\",\"position\":2,\"name\":\"store\",\"item\":\"https:\/\/genesestudio.com\/store\/\"},{\"@type\":\"ListItem\",\"position\":3,\"name\":\"The Silentheart Necklace\"}]},{\"@type\":\"WebSite\",\"@id\":\"https:\/\/genesestudio.com\/#website\",\"url\":\"https:\/\/genesestudio.com\/\",\"name\":\"Gen\u00e8se\",\"description\":\"#genesestudio\",\"publisher\":{\"@id\":\"https:\/\/genesestudio.com\/#organization\"},\"potentialAction\":[{\"@type\":\"SearchAction\",\"target\":{\"@type\":\"EntryPoint\",\"urlTemplate\":\"https:\/\/genesestudio.com\/?s={search_term_string}\"},\"query-input\":\"required name=search_term_string\"}],\"inLanguage\":\"cs\"},{\"@type\":\"Organization\",\"@id\":\"https:\/\/genesestudio.com\/#organization\",\"name\":\"Gen\u00e8se\",\"url\":\"https:\/\/genesestudio.com\/\",\"logo\":{\"@type\":\"ImageObject\",\"inLanguage\":\"cs\",\"@id\":\"https:\/\/genesestudio.com\/#\/schema\/logo\/image\/\",\"url\":\"https:\/\/genesestudio.com\/wp-content\/uploads\/2019\/04\/genese_logo_250x59.png\",\"contentUrl\":\"https:\/\/genesestudio.com\/wp-content\/uploads\/2019\/04\/genese_logo_250x59.png\",\"width\":250,\"height\":59,\"caption\":\"Gen\u00e8se\"},\"image\":{\"@id\":\"https:\/\/genesestudio.com\/#\/schema\/logo\/image\/\"}}]}<\/script>\n<!-- \/ Yoast SEO plugin. -->","yoast_head_json":{"title":"Gen\u00e8se - The Silentheart Necklace","description":"Pearls and chain combo necklace. Pearls necklace with 11mm round link chain and 3mm link chain with G letter pendant.","robots":{"index":"index","follow":"follow","max-snippet":"max-snippet:-1","max-image-preview":"max-image-preview:large","max-video-preview":"max-video-preview:-1"},"canonical":"https:\/\/genesestudio.com\/cs\/product\/the-silentheart-necklace\/","og_locale":"cs_CZ","og_type":"article","og_title":"Gen\u00e8se - The Silentheart Necklace","og_description":"Pearls and chain combo necklace. Pearls necklace with 11mm round link chain and 3mm link chain with G letter pendant.","og_url":"https:\/\/genesestudio.com\/cs\/product\/the-silentheart-necklace\/","og_site_name":"Gen\u00e8se","article_modified_time":"2021-07-24T17:56:01+00:00","og_image":[{"width":2000,"height":2000,"url":"https:\/\/genesestudio.com\/wp-content\/uploads\/2020\/08\/pearl_combo_2000X2000_01.jpg","type":"image\/jpeg"}],"twitter_card":"summary_large_image","schema":{"@context":"https:\/\/schema.org","@graph":[{"@type":"WebPage","@id":"https:\/\/genesestudio.com\/cs\/product\/the-silentheart-necklace\/","url":"https:\/\/genesestudio.com\/cs\/product\/the-silentheart-necklace\/","name":"Gen\u00e8se - The Silentheart Necklace","isPartOf":{"@id":"https:\/\/genesestudio.com\/#website"},"primaryImageOfPage":{"@id":"https:\/\/genesestudio.com\/cs\/product\/the-silentheart-necklace\/#primaryimage"},"image":{"@id":"https:\/\/genesestudio.com\/cs\/product\/the-silentheart-necklace\/#primaryimage"},"thumbnailUrl":"https:\/\/genesestudio.com\/wp-content\/uploads\/2020\/08\/pearl_combo_2000X2000_01.jpg","datePublished":"2020-08-23T18:00:43+00:00","dateModified":"2021-07-24T17:56:01+00:00","description":"Pearls and chain combo necklace. Pearls necklace with 11mm round link chain and 3mm link chain with G letter pendant.","breadcrumb":{"@id":"https:\/\/genesestudio.com\/cs\/product\/the-silentheart-necklace\/#breadcrumb"},"inLanguage":"cs","potentialAction":[{"@type":"ReadAction","target":["https:\/\/genesestudio.com\/cs\/product\/the-silentheart-necklace\/"]}]},{"@type":"ImageObject","inLanguage":"cs","@id":"https:\/\/genesestudio.com\/cs\/product\/the-silentheart-necklace\/#primaryimage","url":"https:\/\/genesestudio.com\/wp-content\/uploads\/2020\/08\/pearl_combo_2000X2000_01.jpg","contentUrl":"https:\/\/genesestudio.com\/wp-content\/uploads\/2020\/08\/pearl_combo_2000X2000_01.jpg","width":2000,"height":2000},{"@type":"BreadcrumbList","@id":"https:\/\/genesestudio.com\/cs\/product\/the-silentheart-necklace\/#breadcrumb","itemListElement":[{"@type":"ListItem","position":1,"name":"Home","item":"https:\/\/genesestudio.com\/"},{"@type":"ListItem","position":2,"name":"store","item":"https:\/\/genesestudio.com\/store\/"},{"@type":"ListItem","position":3,"name":"The Silentheart Necklace"}]},{"@type":"WebSite","@id":"https:\/\/genesestudio.com\/#website","url":"https:\/\/genesestudio.com\/","name":"Gen\u00e8se","description":"#genesestudio","publisher":{"@id":"https:\/\/genesestudio.com\/#organization"},"potentialAction":[{"@type":"SearchAction","target":{"@type":"EntryPoint","urlTemplate":"https:\/\/genesestudio.com\/?s={search_term_string}"},"query-input":"required name=search_term_string"}],"inLanguage":"cs"},{"@type":"Organization","@id":"https:\/\/genesestudio.com\/#organization","name":"Gen\u00e8se","url":"https:\/\/genesestudio.com\/","logo":{"@type":"ImageObject","inLanguage":"cs","@id":"https:\/\/genesestudio.com\/#\/schema\/logo\/image\/","url":"https:\/\/genesestudio.com\/wp-content\/uploads\/2019\/04\/genese_logo_250x59.png","contentUrl":"https:\/\/genesestudio.com\/wp-content\/uploads\/2019\/04\/genese_logo_250x59.png","width":250,"height":59,"caption":"Gen\u00e8se"},"image":{"@id":"https:\/\/genesestudio.com\/#\/schema\/logo\/image\/"}}]}},"jetpack_sharing_enabled":true,"_links":{"self":[{"href":"https:\/\/genesestudio.com\/cs\/wp-json\/wp\/v2\/product\/13017","targetHints":{"allow":["GET"]}}],"collection":[{"href":"https:\/\/genesestudio.com\/cs\/wp-json\/wp\/v2\/product"}],"about":[{"href":"https:\/\/genesestudio.com\/cs\/wp-json\/wp\/v2\/types\/product"}],"version-history":[{"count":0,"href":"https:\/\/genesestudio.com\/cs\/wp-json\/wp\/v2\/product\/13017\/revisions"}],"wp:featuredmedia":[{"embeddable":true,"href":"https:\/\/genesestudio.com\/cs\/wp-json\/wp\/v2\/media\/11269"}],"wp:attachment":[{"href":"https:\/\/genesestudio.com\/cs\/wp-json\/wp\/v2\/media?parent=13017"}],"wp:term":[{"taxonomy":"product_cat","embeddable":true,"href":"https:\/\/genesestudio.com\/cs\/wp-json\/wp\/v2\/product_cat?post=13017"},{"taxonomy":"product_tag","embeddable":true,"href":"https:\/\/genesestudio.com\/cs\/wp-json\/wp\/v2\/product_tag?post=13017"}],"curies":[{"name":"wp","href":"https:\/\/api.w.org\/{rel}","templated":true}]}}