{"id":11863,"date":"2020-09-21T01:14:04","date_gmt":"2020-09-20T23:14:04","guid":{"rendered":"https:\/\/genesestudio.com\/doprava\/"},"modified":"2022-11-28T22:42:32","modified_gmt":"2022-11-28T21:42:32","slug":"doprava","status":"publish","type":"page","link":"https:\/\/genesestudio.com\/cs\/doprava\/","title":{"rendered":"Po\u0161tovn\u00e9 CZ"},"content":{"rendered":"\t\t<div data-elementor-type=\"wp-post\" data-elementor-id=\"11863\" class=\"elementor elementor-11863 elementor-2324\" data-elementor-post-type=\"page\">\n\t\t\t\t\t\t<section class=\"elementor-section elementor-top-section elementor-element elementor-element-7a4b565 elementor-section-boxed elementor-section-height-default elementor-section-height-default\" data-id=\"7a4b565\" data-element_type=\"section\" data-e-type=\"section\">\n\t\t\t\t\t\t<div class=\"elementor-container elementor-column-gap-default\">\n\t\t\t\t\t<div class=\"elementor-column elementor-col-100 elementor-top-column elementor-element elementor-element-a3bc187\" data-id=\"a3bc187\" data-element_type=\"column\" data-e-type=\"column\">\n\t\t\t<div class=\"elementor-widget-wrap elementor-element-populated\">\n\t\t\t\t\t\t<div class=\"elementor-element elementor-element-ff2415a elementor-widget elementor-widget-heading\" data-id=\"ff2415a\" data-element_type=\"widget\" data-e-type=\"widget\" data-widget_type=\"heading.default\">\n\t\t\t\t<div class=\"elementor-widget-container\">\n\t\t\t\t\t<h1 class=\"elementor-heading-title elementor-size-default\">Doprava<\/h1>\t\t\t\t<\/div>\n\t\t\t\t<\/div>\n\t\t\t\t\t<\/div>\n\t\t<\/div>\n\t\t\t\t\t<\/div>\n\t\t<\/section>\n\t\t\t\t<section class=\"elementor-section elementor-top-section elementor-element elementor-element-caea06f elementor-section-boxed elementor-section-height-default elementor-section-height-default\" data-id=\"caea06f\" data-element_type=\"section\" data-e-type=\"section\">\n\t\t\t\t\t\t<div class=\"elementor-container elementor-column-gap-default\">\n\t\t\t\t\t<div class=\"elementor-column elementor-col-100 elementor-top-column elementor-element elementor-element-9f5f0aa\" data-id=\"9f5f0aa\" data-element_type=\"column\" data-e-type=\"column\">\n\t\t\t<div class=\"elementor-widget-wrap elementor-element-populated\">\n\t\t\t\t\t\t<div class=\"elementor-element elementor-element-51c10ec elementor-widget elementor-widget-text-editor\" data-id=\"51c10ec\" data-element_type=\"widget\" data-e-type=\"widget\" data-widget_type=\"text-editor.default\">\n\t\t\t\t<div class=\"elementor-widget-container\">\n\t\t\t\t\t\t\t\t\t<h3><strong>ZEM\u011a<\/strong><\/h3>\n<p><strong>\u010cesk\u00e1 Republika<br \/>\n<\/strong>PACKETA \u2013 Doru\u010den\u00ed kur\u00fdrem na adresu (2-3 pracovn\u00ed dny) \u2013 3,90 \u20ac<strong><br \/>\nP\u0158I HODNOT\u011a N\u00c1KUPU NAD 100 \u20ac \u2013 DORU\u010cEN\u00cd ZDARMA<\/strong><\/p>\n<p><strong>Slovensko<br \/>\n<\/strong>PACKETA \u2013 Doru\u010den\u00ed kur\u00fdrem na adresu- (2-3 pracovn\u00ed dny) \u2013 3,90 \u20ac<strong><br \/>\n<\/strong><strong>P\u0158I HODNOT\u011a N\u00c1KUPU NAD 100 \u20ac \u2013 DORU\u010cEN\u00cd ZDARMA<\/strong><\/p>\n<p><strong>Evropsk\u00e1 Unie<\/strong><br \/>\nPACKETA \u2013 Doru\u010den\u00ed kur\u00fdrem na adresu- (2-3 pracovn\u00ed dny) \u2013 6,90 \u20ac<strong><br \/>\nP\u0158I HODNOT\u011a N\u00c1KUPU NAD 100 \u20ac \u2013 DORU\u010cEN\u00cd ZDARMA<\/strong><\/p>\n<p><b>Spojen\u00e9 St\u00e1ty Americk\u00e9<br \/>\n<\/b>USPS \u2013 UNITED STATES POSTAL SERVICE \u2013 12 \u20ac<br \/>\nDHL Express shipping &#8211; 20\u20ac<br \/>\n<strong>P\u0158I HODNOT\u011a N\u00c1KUPU NAD 200 \u20ac \u2013 DORU\u010cEN\u00cd ZDARMA<\/strong><\/p>\n<p><strong>Kanada<\/strong><br \/>\nCanada post &#8211; 9\u20ac<br \/>\nDHL Express shipping &#8211; 20\u20ac<br \/>\n<strong>P\u0158I HODNOT\u011a N\u00c1KUPU NAD 200 \u20ac \u2013 DORU\u010cEN\u00cd ZDARMA<\/strong><\/p>\n<p><b>\u010c\u00edna<\/b><br \/>\nDHL Express shipping &#8211; 20\u20ac<br \/>\n<strong>P\u0158I HODNOT\u011a N\u00c1KUPU NAD 250 \u20ac \u2013 DORU\u010cEN\u00cd ZDARMA<\/strong><\/p>\n<p><strong>Japonsko<\/strong><br \/>\nDHL Express shipping &#8211; 20\u20ac<br \/>\n<strong>P\u0158I HODNOT\u011a N\u00c1KUPU NAD 250 \u20ac \u2013 DORU\u010cEN\u00cd ZDARMA<\/strong><\/p>\n<p><strong>Rusko<\/strong><br \/>\nDHL Express shipping &#8211; 20\u20ac<br \/>\n<strong>P\u0158I HODNOT\u011a N\u00c1KUPU NAD 250 \u20ac \u2013 DORU\u010cEN\u00cd ZDARMA<\/strong><\/p>\n<p><strong>Ostatn\u00ed zem\u011b<\/strong><br \/>\nDHL Express shipping &#8211; 20\u20ac<br \/>\n<strong>P\u0158I HODNOT\u011a N\u00c1KUPU NAD 250 \u20ac \u2013 DORU\u010cEN\u00cd ZDARMA<\/strong><\/p>\n\t\t\t\t\t\t\t\t<\/div>\n\t\t\t\t<\/div>\n\t\t\t\t\t<\/div>\n\t\t<\/div>\n\t\t\t\t\t<\/div>\n\t\t<\/section>\n\t\t\t\t<\/div>\n\t\t","protected":false},"excerpt":{"rendered":"<p>Doprava ZEM\u011a \u010cesk\u00e1 Republika PACKETA \u2013 Doru\u010den\u00ed kur\u00fdrem na adresu (2-3 pracovn\u00ed dny) \u2013 3,90 \u20ac P\u0158I HODNOT\u011a N\u00c1KUPU NAD 100 \u20ac \u2013 DORU\u010cEN\u00cd ZDARMA&hellip;<\/p>\n","protected":false},"author":1,"featured_media":0,"parent":0,"menu_order":0,"comment_status":"closed","ping_status":"closed","template":"","meta":{"footnotes":""},"class_list":["post-11863","page","type-page","status-publish","hentry"],"yoast_head":"<!-- This site is optimized with the Yoast SEO plugin v22.8 - https:\/\/yoast.com\/wordpress\/plugins\/seo\/ -->\n<title>Po\u0161tovn\u00e9 CZ - Gen\u00e8se<\/title>\n<meta name=\"description\" content=\"Streetwear fashion Hoodie crewneck pants t-shirts shirts tee sweatshorts sweatpants sweatshirt socks accessories chains jewelry logo mensfashion womensfashion unisex art design\" \/>\n<meta name=\"robots\" content=\"index, follow, max-snippet:-1, max-image-preview:large, max-video-preview:-1\" \/>\n<link rel=\"canonical\" href=\"https:\/\/genesestudio.com\/shipping\/\" \/>\n<meta property=\"og:locale\" content=\"cs_CZ\" \/>\n<meta property=\"og:type\" content=\"article\" \/>\n<meta property=\"og:title\" content=\"Po\u0161tovn\u00e9 CZ - Gen\u00e8se\" \/>\n<meta property=\"og:description\" content=\"Streetwear fashion Hoodie crewneck pants t-shirts shirts tee sweatshorts sweatpants sweatshirt socks accessories chains jewelry logo mensfashion womensfashion unisex art design\" \/>\n<meta property=\"og:url\" content=\"https:\/\/genesestudio.com\/shipping\/\" \/>\n<meta property=\"og:site_name\" content=\"Gen\u00e8se\" \/>\n<meta property=\"article:modified_time\" content=\"2022-11-28T21:42:32+00:00\" \/>\n<meta name=\"twitter:card\" content=\"summary_large_image\" \/>\n<meta name=\"twitter:label1\" content=\"Odhadovan\u00e1 doba \u010dten\u00ed\" \/>\n\t<meta name=\"twitter:data1\" content=\"1 minuta\" \/>\n<script type=\"application\/ld+json\" class=\"yoast-schema-graph\">{\"@context\":\"https:\/\/schema.org\",\"@graph\":[{\"@type\":\"WebPage\",\"@id\":\"https:\/\/genesestudio.com\/shipping\/\",\"url\":\"https:\/\/genesestudio.com\/shipping\/\",\"name\":\"Po\u0161tovn\u00e9 CZ - Gen\u00e8se\",\"isPartOf\":{\"@id\":\"https:\/\/genesestudio.com\/#website\"},\"datePublished\":\"2020-09-20T23:14:04+00:00\",\"dateModified\":\"2022-11-28T21:42:32+00:00\",\"description\":\"Streetwear fashion Hoodie crewneck pants t-shirts shirts tee sweatshorts sweatpants sweatshirt socks accessories chains jewelry logo mensfashion womensfashion unisex art design\",\"breadcrumb\":{\"@id\":\"https:\/\/genesestudio.com\/shipping\/#breadcrumb\"},\"inLanguage\":\"cs\",\"potentialAction\":[{\"@type\":\"ReadAction\",\"target\":[\"https:\/\/genesestudio.com\/shipping\/\"]}]},{\"@type\":\"BreadcrumbList\",\"@id\":\"https:\/\/genesestudio.com\/shipping\/#breadcrumb\",\"itemListElement\":[{\"@type\":\"ListItem\",\"position\":1,\"name\":\"Home\",\"item\":\"https:\/\/genesestudio.com\/\"},{\"@type\":\"ListItem\",\"position\":2,\"name\":\"Po\u0161tovn\u00e9 CZ\"}]},{\"@type\":\"WebSite\",\"@id\":\"https:\/\/genesestudio.com\/#website\",\"url\":\"https:\/\/genesestudio.com\/\",\"name\":\"Gen\u00e8se\",\"description\":\"#genesestudio\",\"publisher\":{\"@id\":\"https:\/\/genesestudio.com\/#organization\"},\"potentialAction\":[{\"@type\":\"SearchAction\",\"target\":{\"@type\":\"EntryPoint\",\"urlTemplate\":\"https:\/\/genesestudio.com\/?s={search_term_string}\"},\"query-input\":\"required name=search_term_string\"}],\"inLanguage\":\"cs\"},{\"@type\":\"Organization\",\"@id\":\"https:\/\/genesestudio.com\/#organization\",\"name\":\"Gen\u00e8se\",\"url\":\"https:\/\/genesestudio.com\/\",\"logo\":{\"@type\":\"ImageObject\",\"inLanguage\":\"cs\",\"@id\":\"https:\/\/genesestudio.com\/#\/schema\/logo\/image\/\",\"url\":\"https:\/\/genesestudio.com\/wp-content\/uploads\/2019\/04\/genese_logo_250x59.png\",\"contentUrl\":\"https:\/\/genesestudio.com\/wp-content\/uploads\/2019\/04\/genese_logo_250x59.png\",\"width\":250,\"height\":59,\"caption\":\"Gen\u00e8se\"},\"image\":{\"@id\":\"https:\/\/genesestudio.com\/#\/schema\/logo\/image\/\"}}]}<\/script>\n<!-- \/ Yoast SEO plugin. -->","yoast_head_json":{"title":"Po\u0161tovn\u00e9 CZ - Gen\u00e8se","description":"Streetwear fashion Hoodie crewneck pants t-shirts shirts tee sweatshorts sweatpants sweatshirt socks accessories chains jewelry logo mensfashion womensfashion unisex art design","robots":{"index":"index","follow":"follow","max-snippet":"max-snippet:-1","max-image-preview":"max-image-preview:large","max-video-preview":"max-video-preview:-1"},"canonical":"https:\/\/genesestudio.com\/shipping\/","og_locale":"cs_CZ","og_type":"article","og_title":"Po\u0161tovn\u00e9 CZ - Gen\u00e8se","og_description":"Streetwear fashion Hoodie crewneck pants t-shirts shirts tee sweatshorts sweatpants sweatshirt socks accessories chains jewelry logo mensfashion womensfashion unisex art design","og_url":"https:\/\/genesestudio.com\/shipping\/","og_site_name":"Gen\u00e8se","article_modified_time":"2022-11-28T21:42:32+00:00","twitter_card":"summary_large_image","twitter_misc":{"Odhadovan\u00e1 doba \u010dten\u00ed":"1 minuta"},"schema":{"@context":"https:\/\/schema.org","@graph":[{"@type":"WebPage","@id":"https:\/\/genesestudio.com\/shipping\/","url":"https:\/\/genesestudio.com\/shipping\/","name":"Po\u0161tovn\u00e9 CZ - Gen\u00e8se","isPartOf":{"@id":"https:\/\/genesestudio.com\/#website"},"datePublished":"2020-09-20T23:14:04+00:00","dateModified":"2022-11-28T21:42:32+00:00","description":"Streetwear fashion Hoodie crewneck pants t-shirts shirts tee sweatshorts sweatpants sweatshirt socks accessories chains jewelry logo mensfashion womensfashion unisex art design","breadcrumb":{"@id":"https:\/\/genesestudio.com\/shipping\/#breadcrumb"},"inLanguage":"cs","potentialAction":[{"@type":"ReadAction","target":["https:\/\/genesestudio.com\/shipping\/"]}]},{"@type":"BreadcrumbList","@id":"https:\/\/genesestudio.com\/shipping\/#breadcrumb","itemListElement":[{"@type":"ListItem","position":1,"name":"Home","item":"https:\/\/genesestudio.com\/"},{"@type":"ListItem","position":2,"name":"Po\u0161tovn\u00e9 CZ"}]},{"@type":"WebSite","@id":"https:\/\/genesestudio.com\/#website","url":"https:\/\/genesestudio.com\/","name":"Gen\u00e8se","description":"#genesestudio","publisher":{"@id":"https:\/\/genesestudio.com\/#organization"},"potentialAction":[{"@type":"SearchAction","target":{"@type":"EntryPoint","urlTemplate":"https:\/\/genesestudio.com\/?s={search_term_string}"},"query-input":"required name=search_term_string"}],"inLanguage":"cs"},{"@type":"Organization","@id":"https:\/\/genesestudio.com\/#organization","name":"Gen\u00e8se","url":"https:\/\/genesestudio.com\/","logo":{"@type":"ImageObject","inLanguage":"cs","@id":"https:\/\/genesestudio.com\/#\/schema\/logo\/image\/","url":"https:\/\/genesestudio.com\/wp-content\/uploads\/2019\/04\/genese_logo_250x59.png","contentUrl":"https:\/\/genesestudio.com\/wp-content\/uploads\/2019\/04\/genese_logo_250x59.png","width":250,"height":59,"caption":"Gen\u00e8se"},"image":{"@id":"https:\/\/genesestudio.com\/#\/schema\/logo\/image\/"}}]}},"jetpack_sharing_enabled":true,"_links":{"self":[{"href":"https:\/\/genesestudio.com\/cs\/wp-json\/wp\/v2\/pages\/11863","targetHints":{"allow":["GET"]}}],"collection":[{"href":"https:\/\/genesestudio.com\/cs\/wp-json\/wp\/v2\/pages"}],"about":[{"href":"https:\/\/genesestudio.com\/cs\/wp-json\/wp\/v2\/types\/page"}],"author":[{"embeddable":true,"href":"https:\/\/genesestudio.com\/cs\/wp-json\/wp\/v2\/users\/1"}],"replies":[{"embeddable":true,"href":"https:\/\/genesestudio.com\/cs\/wp-json\/wp\/v2\/comments?post=11863"}],"version-history":[{"count":2,"href":"https:\/\/genesestudio.com\/cs\/wp-json\/wp\/v2\/pages\/11863\/revisions"}],"predecessor-version":[{"id":22288,"href":"https:\/\/genesestudio.com\/cs\/wp-json\/wp\/v2\/pages\/11863\/revisions\/22288"}],"wp:attachment":[{"href":"https:\/\/genesestudio.com\/cs\/wp-json\/wp\/v2\/media?parent=11863"}],"curies":[{"name":"wp","href":"https:\/\/api.w.org\/{rel}","templated":true}]}}