{"id":11825,"date":"2020-09-20T23:50:38","date_gmt":"2020-09-20T21:50:38","guid":{"rendered":"https:\/\/genesestudio.com\/kontakt\/"},"modified":"2023-09-20T23:27:59","modified_gmt":"2023-09-20T21:27:59","slug":"kontakt","status":"publish","type":"page","link":"https:\/\/genesestudio.com\/cs\/kontakt\/","title":{"rendered":"Kontakt"},"content":{"rendered":"\t\t<div data-elementor-type=\"wp-post\" data-elementor-id=\"11825\" class=\"elementor elementor-11825 elementor-504\" data-elementor-post-type=\"page\">\n\t\t\t\t\t\t<section class=\"elementor-section elementor-top-section elementor-element elementor-element-8b0077f elementor-section-boxed elementor-section-height-default elementor-section-height-default\" data-id=\"8b0077f\" data-element_type=\"section\" data-e-type=\"section\">\n\t\t\t\t\t\t<div class=\"elementor-container elementor-column-gap-wide\">\n\t\t\t\t\t<div class=\"elementor-column elementor-col-50 elementor-top-column elementor-element elementor-element-2dbe963\" data-id=\"2dbe963\" data-element_type=\"column\" data-e-type=\"column\">\n\t\t\t<div class=\"elementor-widget-wrap elementor-element-populated\">\n\t\t\t\t\t\t<div class=\"elementor-element elementor-element-5b34555 elementor-widget__width-initial elementor-widget elementor-widget-image\" data-id=\"5b34555\" data-element_type=\"widget\" data-e-type=\"widget\" data-widget_type=\"image.default\">\n\t\t\t\t<div class=\"elementor-widget-container\">\n\t\t\t\t\t\t\t\t\t\t\t\t\t\t\t<img decoding=\"async\" src=\"https:\/\/genesestudio.com\/wp-content\/uploads\/2021\/03\/DSC01242edit-scaled.jpg\" title=\"\" alt=\"\" loading=\"lazy\" \/>\t\t\t\t\t\t\t\t\t\t\t\t\t\t\t<\/div>\n\t\t\t\t<\/div>\n\t\t\t\t\t<\/div>\n\t\t<\/div>\n\t\t\t\t<div class=\"elementor-column elementor-col-50 elementor-top-column elementor-element elementor-element-9957bdb\" data-id=\"9957bdb\" data-element_type=\"column\" data-e-type=\"column\">\n\t\t\t<div class=\"elementor-widget-wrap elementor-element-populated\">\n\t\t\t\t\t\t<div class=\"elementor-element elementor-element-4eaf576 elementor-widget elementor-widget-spacer\" data-id=\"4eaf576\" data-element_type=\"widget\" data-e-type=\"widget\" data-widget_type=\"spacer.default\">\n\t\t\t\t<div class=\"elementor-widget-container\">\n\t\t\t\t\t\t\t<div class=\"elementor-spacer\">\n\t\t\t<div class=\"elementor-spacer-inner\"><\/div>\n\t\t<\/div>\n\t\t\t\t\t\t<\/div>\n\t\t\t\t<\/div>\n\t\t\t\t<section class=\"elementor-section elementor-inner-section elementor-element elementor-element-ec0e166 elementor-section-boxed elementor-section-height-default elementor-section-height-default\" data-id=\"ec0e166\" data-element_type=\"section\" data-e-type=\"section\">\n\t\t\t\t\t\t<div class=\"elementor-container elementor-column-gap-default\">\n\t\t\t\t\t<div class=\"elementor-column elementor-col-100 elementor-inner-column elementor-element elementor-element-9d1bfa2\" data-id=\"9d1bfa2\" data-element_type=\"column\" data-e-type=\"column\">\n\t\t\t<div class=\"elementor-widget-wrap elementor-element-populated\">\n\t\t\t\t\t\t<div class=\"elementor-element elementor-element-04c0b9b elementor-widget elementor-widget-text-editor\" data-id=\"04c0b9b\" data-element_type=\"widget\" data-e-type=\"widget\" data-widget_type=\"text-editor.default\">\n\t\t\t\t<div class=\"elementor-widget-container\">\n\t\t\t\t\t\t\t\t\t<p><strong>Gen\u00e8se atelier<\/strong><br \/>\nRadlinsk\u00e9ho 27<br \/>\n81107 Bratislava<br \/>\nSlovakia<\/p>\n<p>Velkoobchod:<br \/>\n<a href=\"mailto:wholesale@genesestudio.com\"><strong>wholesale@genesestudio.com<\/strong><\/a><\/p>\n<p>Informace k objedn\u00e1vkam a v\u0161eobecn\u00e9 info:<br \/>\n<a href=\"mailto:info@genesestudio.com\"><strong>info@genesestudio.com<\/strong><\/a><\/p>\n\t\t\t\t\t\t\t\t<\/div>\n\t\t\t\t<\/div>\n\t\t\t\t<div class=\"elementor-element elementor-element-ef75719 elementor-widget elementor-widget-spacer\" data-id=\"ef75719\" data-element_type=\"widget\" data-e-type=\"widget\" data-widget_type=\"spacer.default\">\n\t\t\t\t<div class=\"elementor-widget-container\">\n\t\t\t\t\t\t\t<div class=\"elementor-spacer\">\n\t\t\t<div class=\"elementor-spacer-inner\"><\/div>\n\t\t<\/div>\n\t\t\t\t\t\t<\/div>\n\t\t\t\t<\/div>\n\t\t\t\t<div class=\"elementor-element elementor-element-e8cdb60 elementor-widget elementor-widget-heading\" data-id=\"e8cdb60\" data-element_type=\"widget\" data-e-type=\"widget\" data-widget_type=\"heading.default\">\n\t\t\t\t<div class=\"elementor-widget-container\">\n\t\t\t\t\t<h2 class=\"elementor-heading-title elementor-size-default\">Napi\u0161 n\u00e1m<\/h2>\t\t\t\t<\/div>\n\t\t\t\t<\/div>\n\t\t\t\t<div class=\"elementor-element elementor-element-048b7cb elementor-button-align-stretch elementor-widget elementor-widget-form\" data-id=\"048b7cb\" data-element_type=\"widget\" data-e-type=\"widget\" data-settings=\"{&quot;step_next_label&quot;:&quot;Next&quot;,&quot;step_previous_label&quot;:&quot;Previous&quot;,&quot;button_width&quot;:&quot;100&quot;,&quot;step_type&quot;:&quot;number_text&quot;,&quot;step_icon_shape&quot;:&quot;circle&quot;}\" data-widget_type=\"form.default\">\n\t\t\t\t<div class=\"elementor-widget-container\">\n\t\t\t\t\t\t\t<form class=\"elementor-form\" method=\"post\" name=\"form z kontaktu\">\n\t\t\t<input type=\"hidden\" name=\"post_id\" value=\"11825\"\/>\n\t\t\t<input type=\"hidden\" name=\"form_id\" value=\"048b7cb\"\/>\n\t\t\t<input type=\"hidden\" name=\"referer_title\" value=\"Gen\u00e8se\" \/>\n\n\t\t\t\n\t\t\t<div class=\"elementor-form-fields-wrapper elementor-labels-\">\n\t\t\t\t\t\t\t\t<div class=\"elementor-field-type-text elementor-field-group elementor-column elementor-field-group-name elementor-col-100 elementor-field-required\">\n\t\t\t\t\t\t\t\t\t\t\t\t<label for=\"form-field-name\" class=\"elementor-field-label elementor-screen-only\">\n\t\t\t\t\t\t\t\tMeno\t\t\t\t\t\t\t<\/label>\n\t\t\t\t\t\t\t\t\t\t\t\t\t\t<input size=\"1\" type=\"text\" name=\"form_fields[name]\" id=\"form-field-name\" class=\"elementor-field elementor-size-sm  elementor-field-textual\" placeholder=\"Meno\" required=\"required\" aria-required=\"true\">\n\t\t\t\t\t\t\t\t\t\t\t<\/div>\n\t\t\t\t\t\t\t\t<div class=\"elementor-field-type-email elementor-field-group elementor-column elementor-field-group-email elementor-col-100 elementor-field-required\">\n\t\t\t\t\t\t\t\t\t\t\t\t<label for=\"form-field-email\" class=\"elementor-field-label elementor-screen-only\">\n\t\t\t\t\t\t\t\tEmail\t\t\t\t\t\t\t<\/label>\n\t\t\t\t\t\t\t\t\t\t\t\t\t\t<input size=\"1\" type=\"email\" name=\"form_fields[email]\" id=\"form-field-email\" class=\"elementor-field elementor-size-sm  elementor-field-textual\" placeholder=\"Email\" required=\"required\" aria-required=\"true\">\n\t\t\t\t\t\t\t\t\t\t\t<\/div>\n\t\t\t\t\t\t\t\t<div class=\"elementor-field-type-textarea elementor-field-group elementor-column elementor-field-group-message elementor-col-100 elementor-field-required\">\n\t\t\t\t\t\t\t\t\t\t\t\t<label for=\"form-field-message\" class=\"elementor-field-label elementor-screen-only\">\n\t\t\t\t\t\t\t\tSpr\u00e1va\t\t\t\t\t\t\t<\/label>\n\t\t\t\t\t\t<textarea class=\"elementor-field-textual elementor-field  elementor-size-sm\" name=\"form_fields[message]\" id=\"form-field-message\" rows=\"4\" placeholder=\"Spr\u00e1va\" required=\"required\" aria-required=\"true\"><\/textarea>\t\t\t\t<\/div>\n\t\t\t\t\t\t\t\t<div class=\"elementor-field-type-recaptcha_v3 elementor-field-group elementor-column elementor-field-group-field_21cb747 elementor-col-100 recaptcha_v3-bottomright\">\n\t\t\t\t\t<div class=\"elementor-field\" id=\"form-field-field_21cb747\"><div class=\"elementor-g-recaptcha\" data-sitekey=\"6LfU3eUfAAAAALV6VHTp7RjkR7N18JMbLn8raiqn\" data-type=\"v3\" data-action=\"Form\" data-badge=\"bottomright\" data-size=\"invisible\"><\/div><\/div>\t\t\t\t<\/div>\n\t\t\t\t\t\t\t\t<div class=\"elementor-field-group elementor-column elementor-field-type-submit elementor-col-100 e-form__buttons\">\n\t\t\t\t\t<button type=\"submit\" class=\"elementor-button elementor-size-sm\">\n\t\t\t\t\t\t<span >\n\t\t\t\t\t\t\t\t\t\t\t\t\t\t\t<span class=\" elementor-button-icon\">\n\t\t\t\t\t\t\t\t\t\t\t\t\t\t\t\t\t\t\t\t\t\t\t\t\t\t<\/span>\n\t\t\t\t\t\t\t\t\t\t\t\t\t\t\t\t\t\t\t\t\t\t<span class=\"elementor-button-text\">Odeslat spr\u00e1vu<\/span>\n\t\t\t\t\t\t\t\t\t\t\t\t\t<\/span>\n\t\t\t\t\t<\/button>\n\t\t\t\t<\/div>\n\t\t\t<\/div>\n\t\t<\/form>\n\t\t\t\t\t\t<\/div>\n\t\t\t\t<\/div>\n\t\t\t\t\t<\/div>\n\t\t<\/div>\n\t\t\t\t\t<\/div>\n\t\t<\/section>\n\t\t\t\t\t<\/div>\n\t\t<\/div>\n\t\t\t\t\t<\/div>\n\t\t<\/section>\n\t\t\t\t<\/div>\n\t\t","protected":false},"excerpt":{"rendered":"<p>Gen\u00e8se atelier Radlinsk\u00e9ho 27 81107 Bratislava Slovakia Velkoobchod: wholesale@genesestudio.com Informace k objedn\u00e1vkam a v\u0161eobecn\u00e9 info: info@genesestudio.com Napi\u0161 n\u00e1m<\/p>\n","protected":false},"author":1,"featured_media":0,"parent":0,"menu_order":0,"comment_status":"closed","ping_status":"closed","template":"","meta":{"footnotes":""},"class_list":["post-11825","page","type-page","status-publish","hentry"],"yoast_head":"<!-- This site is optimized with the Yoast SEO plugin v22.8 - https:\/\/yoast.com\/wordpress\/plugins\/seo\/ -->\n<title>Kontakt - Gen\u00e8se<\/title>\n<meta name=\"description\" content=\"Gen\u00e8se, founded in 2016 by Petter Swetter, is a design studio born in Slovakia, with streetwear elements, and offer a ready-to-wear &amp; jewelry collections.\" \/>\n<meta name=\"robots\" content=\"index, follow, max-snippet:-1, max-image-preview:large, max-video-preview:-1\" \/>\n<link rel=\"canonical\" href=\"https:\/\/genesestudio.com\/contact\/\" \/>\n<meta property=\"og:locale\" content=\"cs_CZ\" \/>\n<meta property=\"og:type\" content=\"article\" \/>\n<meta property=\"og:title\" content=\"Kontakt - Gen\u00e8se\" \/>\n<meta property=\"og:description\" content=\"Gen\u00e8se, founded in 2016 by Petter Swetter, is a design studio born in Slovakia, with streetwear elements, and offer a ready-to-wear &amp; jewelry collections.\" \/>\n<meta property=\"og:url\" content=\"https:\/\/genesestudio.com\/contact\/\" \/>\n<meta property=\"og:site_name\" content=\"Gen\u00e8se\" \/>\n<meta property=\"article:modified_time\" content=\"2023-09-20T21:27:59+00:00\" \/>\n<meta property=\"og:image\" content=\"https:\/\/genesestudio.com\/wp-content\/uploads\/2021\/03\/DSC01242edit-scaled.jpg\" \/>\n<meta name=\"twitter:card\" content=\"summary_large_image\" \/>\n<script type=\"application\/ld+json\" class=\"yoast-schema-graph\">{\"@context\":\"https:\/\/schema.org\",\"@graph\":[{\"@type\":\"WebPage\",\"@id\":\"https:\/\/genesestudio.com\/contact\/\",\"url\":\"https:\/\/genesestudio.com\/contact\/\",\"name\":\"Kontakt - Gen\u00e8se\",\"isPartOf\":{\"@id\":\"https:\/\/genesestudio.com\/#website\"},\"primaryImageOfPage\":{\"@id\":\"https:\/\/genesestudio.com\/contact\/#primaryimage\"},\"image\":{\"@id\":\"https:\/\/genesestudio.com\/contact\/#primaryimage\"},\"thumbnailUrl\":\"https:\/\/genesestudio.com\/wp-content\/uploads\/2021\/03\/DSC01242edit-scaled.jpg\",\"datePublished\":\"2020-09-20T21:50:38+00:00\",\"dateModified\":\"2023-09-20T21:27:59+00:00\",\"description\":\"Gen\u00e8se, founded in 2016 by Petter Swetter, is a design studio born in Slovakia, with streetwear elements, and offer a ready-to-wear & jewelry collections.\",\"breadcrumb\":{\"@id\":\"https:\/\/genesestudio.com\/contact\/#breadcrumb\"},\"inLanguage\":\"cs\",\"potentialAction\":[{\"@type\":\"ReadAction\",\"target\":[\"https:\/\/genesestudio.com\/contact\/\"]}]},{\"@type\":\"ImageObject\",\"inLanguage\":\"cs\",\"@id\":\"https:\/\/genesestudio.com\/contact\/#primaryimage\",\"url\":\"https:\/\/genesestudio.com\/wp-content\/uploads\/2021\/03\/DSC01242edit-scaled.jpg\",\"contentUrl\":\"https:\/\/genesestudio.com\/wp-content\/uploads\/2021\/03\/DSC01242edit-scaled.jpg\"},{\"@type\":\"BreadcrumbList\",\"@id\":\"https:\/\/genesestudio.com\/contact\/#breadcrumb\",\"itemListElement\":[{\"@type\":\"ListItem\",\"position\":1,\"name\":\"Home\",\"item\":\"https:\/\/genesestudio.com\/\"},{\"@type\":\"ListItem\",\"position\":2,\"name\":\"Kontakt\"}]},{\"@type\":\"WebSite\",\"@id\":\"https:\/\/genesestudio.com\/#website\",\"url\":\"https:\/\/genesestudio.com\/\",\"name\":\"Gen\u00e8se\",\"description\":\"#genesestudio\",\"publisher\":{\"@id\":\"https:\/\/genesestudio.com\/#organization\"},\"potentialAction\":[{\"@type\":\"SearchAction\",\"target\":{\"@type\":\"EntryPoint\",\"urlTemplate\":\"https:\/\/genesestudio.com\/?s={search_term_string}\"},\"query-input\":\"required name=search_term_string\"}],\"inLanguage\":\"cs\"},{\"@type\":\"Organization\",\"@id\":\"https:\/\/genesestudio.com\/#organization\",\"name\":\"Gen\u00e8se\",\"url\":\"https:\/\/genesestudio.com\/\",\"logo\":{\"@type\":\"ImageObject\",\"inLanguage\":\"cs\",\"@id\":\"https:\/\/genesestudio.com\/#\/schema\/logo\/image\/\",\"url\":\"https:\/\/genesestudio.com\/wp-content\/uploads\/2019\/04\/genese_logo_250x59.png\",\"contentUrl\":\"https:\/\/genesestudio.com\/wp-content\/uploads\/2019\/04\/genese_logo_250x59.png\",\"width\":250,\"height\":59,\"caption\":\"Gen\u00e8se\"},\"image\":{\"@id\":\"https:\/\/genesestudio.com\/#\/schema\/logo\/image\/\"}}]}<\/script>\n<!-- \/ Yoast SEO plugin. -->","yoast_head_json":{"title":"Kontakt - Gen\u00e8se","description":"Gen\u00e8se, founded in 2016 by Petter Swetter, is a design studio born in Slovakia, with streetwear elements, and offer a ready-to-wear & jewelry collections.","robots":{"index":"index","follow":"follow","max-snippet":"max-snippet:-1","max-image-preview":"max-image-preview:large","max-video-preview":"max-video-preview:-1"},"canonical":"https:\/\/genesestudio.com\/contact\/","og_locale":"cs_CZ","og_type":"article","og_title":"Kontakt - Gen\u00e8se","og_description":"Gen\u00e8se, founded in 2016 by Petter Swetter, is a design studio born in Slovakia, with streetwear elements, and offer a ready-to-wear & jewelry collections.","og_url":"https:\/\/genesestudio.com\/contact\/","og_site_name":"Gen\u00e8se","article_modified_time":"2023-09-20T21:27:59+00:00","og_image":[{"url":"https:\/\/genesestudio.com\/wp-content\/uploads\/2021\/03\/DSC01242edit-scaled.jpg"}],"twitter_card":"summary_large_image","schema":{"@context":"https:\/\/schema.org","@graph":[{"@type":"WebPage","@id":"https:\/\/genesestudio.com\/contact\/","url":"https:\/\/genesestudio.com\/contact\/","name":"Kontakt - Gen\u00e8se","isPartOf":{"@id":"https:\/\/genesestudio.com\/#website"},"primaryImageOfPage":{"@id":"https:\/\/genesestudio.com\/contact\/#primaryimage"},"image":{"@id":"https:\/\/genesestudio.com\/contact\/#primaryimage"},"thumbnailUrl":"https:\/\/genesestudio.com\/wp-content\/uploads\/2021\/03\/DSC01242edit-scaled.jpg","datePublished":"2020-09-20T21:50:38+00:00","dateModified":"2023-09-20T21:27:59+00:00","description":"Gen\u00e8se, founded in 2016 by Petter Swetter, is a design studio born in Slovakia, with streetwear elements, and offer a ready-to-wear & jewelry collections.","breadcrumb":{"@id":"https:\/\/genesestudio.com\/contact\/#breadcrumb"},"inLanguage":"cs","potentialAction":[{"@type":"ReadAction","target":["https:\/\/genesestudio.com\/contact\/"]}]},{"@type":"ImageObject","inLanguage":"cs","@id":"https:\/\/genesestudio.com\/contact\/#primaryimage","url":"https:\/\/genesestudio.com\/wp-content\/uploads\/2021\/03\/DSC01242edit-scaled.jpg","contentUrl":"https:\/\/genesestudio.com\/wp-content\/uploads\/2021\/03\/DSC01242edit-scaled.jpg"},{"@type":"BreadcrumbList","@id":"https:\/\/genesestudio.com\/contact\/#breadcrumb","itemListElement":[{"@type":"ListItem","position":1,"name":"Home","item":"https:\/\/genesestudio.com\/"},{"@type":"ListItem","position":2,"name":"Kontakt"}]},{"@type":"WebSite","@id":"https:\/\/genesestudio.com\/#website","url":"https:\/\/genesestudio.com\/","name":"Gen\u00e8se","description":"#genesestudio","publisher":{"@id":"https:\/\/genesestudio.com\/#organization"},"potentialAction":[{"@type":"SearchAction","target":{"@type":"EntryPoint","urlTemplate":"https:\/\/genesestudio.com\/?s={search_term_string}"},"query-input":"required name=search_term_string"}],"inLanguage":"cs"},{"@type":"Organization","@id":"https:\/\/genesestudio.com\/#organization","name":"Gen\u00e8se","url":"https:\/\/genesestudio.com\/","logo":{"@type":"ImageObject","inLanguage":"cs","@id":"https:\/\/genesestudio.com\/#\/schema\/logo\/image\/","url":"https:\/\/genesestudio.com\/wp-content\/uploads\/2019\/04\/genese_logo_250x59.png","contentUrl":"https:\/\/genesestudio.com\/wp-content\/uploads\/2019\/04\/genese_logo_250x59.png","width":250,"height":59,"caption":"Gen\u00e8se"},"image":{"@id":"https:\/\/genesestudio.com\/#\/schema\/logo\/image\/"}}]}},"jetpack_sharing_enabled":true,"_links":{"self":[{"href":"https:\/\/genesestudio.com\/cs\/wp-json\/wp\/v2\/pages\/11825","targetHints":{"allow":["GET"]}}],"collection":[{"href":"https:\/\/genesestudio.com\/cs\/wp-json\/wp\/v2\/pages"}],"about":[{"href":"https:\/\/genesestudio.com\/cs\/wp-json\/wp\/v2\/types\/page"}],"author":[{"embeddable":true,"href":"https:\/\/genesestudio.com\/cs\/wp-json\/wp\/v2\/users\/1"}],"replies":[{"embeddable":true,"href":"https:\/\/genesestudio.com\/cs\/wp-json\/wp\/v2\/comments?post=11825"}],"version-history":[{"count":2,"href":"https:\/\/genesestudio.com\/cs\/wp-json\/wp\/v2\/pages\/11825\/revisions"}],"predecessor-version":[{"id":22512,"href":"https:\/\/genesestudio.com\/cs\/wp-json\/wp\/v2\/pages\/11825\/revisions\/22512"}],"wp:attachment":[{"href":"https:\/\/genesestudio.com\/cs\/wp-json\/wp\/v2\/media?parent=11825"}],"curies":[{"name":"wp","href":"https:\/\/api.w.org\/{rel}","templated":true}]}}