{"id":11818,"date":"2020-09-20T23:43:10","date_gmt":"2020-09-20T21:43:10","guid":{"rendered":"https:\/\/genesestudio.com\/o-nas\/"},"modified":"2022-04-16T17:50:54","modified_gmt":"2022-04-16T15:50:54","slug":"o-nas","status":"publish","type":"page","link":"https:\/\/genesestudio.com\/cs\/o-nas\/","title":{"rendered":"O n\u00e1s"},"content":{"rendered":"\t\t<div data-elementor-type=\"wp-post\" data-elementor-id=\"11818\" class=\"elementor elementor-11818 elementor-64\" data-elementor-post-type=\"page\">\n\t\t\t\t\t\t<section class=\"elementor-section elementor-top-section elementor-element elementor-element-9036708 elementor-section-boxed elementor-section-height-default elementor-section-height-default\" data-id=\"9036708\" data-element_type=\"section\" data-e-type=\"section\">\n\t\t\t\t\t\t<div class=\"elementor-container elementor-column-gap-default\">\n\t\t\t\t\t<div class=\"elementor-column elementor-col-33 elementor-top-column elementor-element elementor-element-c3d6d57\" data-id=\"c3d6d57\" data-element_type=\"column\" data-e-type=\"column\">\n\t\t\t<div class=\"elementor-widget-wrap elementor-element-populated\">\n\t\t\t\t\t\t<div class=\"elementor-element elementor-element-9264d88 elementor-widget elementor-widget-image\" data-id=\"9264d88\" data-element_type=\"widget\" data-e-type=\"widget\" data-widget_type=\"image.default\">\n\t\t\t\t<div class=\"elementor-widget-container\">\n\t\t\t\t\t\t\t\t\t\t\t\t\t\t\t<img fetchpriority=\"high\" decoding=\"async\" width=\"500\" height=\"376\" src=\"https:\/\/genesestudio.com\/wp-content\/uploads\/2020\/09\/Snimka-obrazovky-2020-09-14-o-22.51.06-e1600116701859.png\" class=\"attachment-large size-large wp-image-11776\" alt=\"\" \/>\t\t\t\t\t\t\t\t\t\t\t\t\t\t\t<\/div>\n\t\t\t\t<\/div>\n\t\t\t\t\t<\/div>\n\t\t<\/div>\n\t\t\t\t<div class=\"elementor-column elementor-col-33 elementor-top-column elementor-element elementor-element-b273419\" data-id=\"b273419\" data-element_type=\"column\" data-e-type=\"column\">\n\t\t\t<div class=\"elementor-widget-wrap elementor-element-populated\">\n\t\t\t\t\t\t<div class=\"elementor-element elementor-element-103c6fb elementor-widget elementor-widget-text-editor\" data-id=\"103c6fb\" data-element_type=\"widget\" data-e-type=\"widget\" data-widget_type=\"text-editor.default\">\n\t\t\t\t<div class=\"elementor-widget-container\">\n\t\t\t\t\t\t\t\t\t<p style=\"text-align: right;\" data-mce-style=\"text-align: right;\"><b><span class=\"Apple-converted-space\">&nbsp;<\/span>je-n\u00e8-z\u2019 ] .<\/b><br><b>1.&nbsp;Origine,&nbsp;cr\u00e9ation,<\/b><br><b>d\u00e9but. 2. Cr\u00e9ation du&nbsp;monde<\/b><br><b>par&nbsp;Dieu&nbsp;3.&nbsp;Processus&nbsp;<\/b><br><b>de&nbsp;d\u00e9veloppement.<\/b><\/p>\t\t\t\t\t\t\t\t<\/div>\n\t\t\t\t<\/div>\n\t\t\t\t<div class=\"elementor-element elementor-element-39415b5 elementor-widget elementor-widget-text-editor\" data-id=\"39415b5\" data-element_type=\"widget\" data-e-type=\"widget\" data-widget_type=\"text-editor.default\">\n\t\t\t\t<div class=\"elementor-widget-container\">\n\t\t\t\t\t\t\t\t\t<p><strong>GEN\u00c8SE<\/strong>, zalo\u017eil <a href=\"https:\/\/www.instagram.com\/petterswetter\/\" target=\"_blank\" rel=\"noopener\" data-mce-href=\"https:\/\/www.instagram.com\/petterswetter\/\">@Petter<\/a> a Patrik v roce 2016. Designov\u00e1 spole\u010dnost, narozen\u00e1 na Slovensku, nab\u00edz\u00ed ready-to-wear kolekce s prvky streetwearu.<\/p><p><span style=\"color: #0000ff;\" data-mce-style=\"color: #0000ff;\"><strong>V\u0161echny produkty jsou vyrobeny na Slovensku v na\u0161em &#8222;ATELIER GEN\u00c8SE&#8220;&nbsp;v Bratislav\u011b.<\/strong><\/span><\/p><p><strong>ATELIER GEN\u00c8SE<\/strong><br>Radlinsk\u00e9ho \u010d. 27<br>81107 BRATISLAVA<br>SLOVENSKO<\/p>\t\t\t\t\t\t\t\t<\/div>\n\t\t\t\t<\/div>\n\t\t\t\t\t<\/div>\n\t\t<\/div>\n\t\t\t\t<div class=\"elementor-column elementor-col-33 elementor-top-column elementor-element elementor-element-b1bfe90\" data-id=\"b1bfe90\" data-element_type=\"column\" data-e-type=\"column\">\n\t\t\t<div class=\"elementor-widget-wrap elementor-element-populated\">\n\t\t\t\t\t\t<div class=\"elementor-element elementor-element-096d3e1 elementor-widget elementor-widget-image\" data-id=\"096d3e1\" data-element_type=\"widget\" data-e-type=\"widget\" data-widget_type=\"image.default\">\n\t\t\t\t<div class=\"elementor-widget-container\">\n\t\t\t\t\t\t\t\t\t\t\t\t\t\t\t<img decoding=\"async\" width=\"593\" height=\"1024\" src=\"https:\/\/genesestudio.com\/wp-content\/uploads\/2018\/08\/IMG_5998-copy-593x1024.jpg\" class=\"attachment-large size-large wp-image-537\" alt=\"\" srcset=\"https:\/\/genesestudio.com\/wp-content\/uploads\/2018\/08\/IMG_5998-copy-593x1024.jpg 593w, https:\/\/genesestudio.com\/wp-content\/uploads\/2018\/08\/IMG_5998-copy-174x300.jpg 174w, https:\/\/genesestudio.com\/wp-content\/uploads\/2018\/08\/IMG_5998-copy-768x1327.jpg 768w, https:\/\/genesestudio.com\/wp-content\/uploads\/2018\/08\/IMG_5998-copy-600x1037.jpg 600w, https:\/\/genesestudio.com\/wp-content\/uploads\/2018\/08\/IMG_5998-copy.jpg 1154w\" sizes=\"(max-width: 593px) 100vw, 593px\" \/>\t\t\t\t\t\t\t\t\t\t\t\t\t\t\t<\/div>\n\t\t\t\t<\/div>\n\t\t\t\t\t<\/div>\n\t\t<\/div>\n\t\t\t\t\t<\/div>\n\t\t<\/section>\n\t\t\t\t<section class=\"elementor-section elementor-top-section elementor-element elementor-element-30e3dd7 elementor-section-boxed elementor-section-height-default elementor-section-height-default\" data-id=\"30e3dd7\" data-element_type=\"section\" data-e-type=\"section\">\n\t\t\t\t\t\t<div class=\"elementor-container elementor-column-gap-default\">\n\t\t\t\t\t<div class=\"elementor-column elementor-col-100 elementor-top-column elementor-element elementor-element-c6118cc\" data-id=\"c6118cc\" data-element_type=\"column\" data-e-type=\"column\">\n\t\t\t<div class=\"elementor-widget-wrap elementor-element-populated\">\n\t\t\t\t\t\t\t<\/div>\n\t\t<\/div>\n\t\t\t\t\t<\/div>\n\t\t<\/section>\n\t\t\t\t<\/div>\n\t\t","protected":false},"excerpt":{"rendered":"<p>&nbsp;je-n\u00e8-z\u2019 ] .1.&nbsp;Origine,&nbsp;cr\u00e9ation,d\u00e9but. 2. Cr\u00e9ation du&nbsp;mondepar&nbsp;Dieu&nbsp;3.&nbsp;Processus&nbsp;de&nbsp;d\u00e9veloppement. GEN\u00c8SE, zalo\u017eil @Petter a Patrik v roce 2016. Designov\u00e1 spole\u010dnost, narozen\u00e1 na Slovensku, nab\u00edz\u00ed ready-to-wear kolekce s prvky streetwearu.&hellip;<\/p>\n","protected":false},"author":1,"featured_media":0,"parent":0,"menu_order":0,"comment_status":"closed","ping_status":"closed","template":"","meta":{"footnotes":""},"class_list":["post-11818","page","type-page","status-publish","hentry"],"yoast_head":"<!-- This site is optimized with the Yoast SEO plugin v22.8 - https:\/\/yoast.com\/wordpress\/plugins\/seo\/ -->\n<title>O n\u00e1s - Gen\u00e8se<\/title>\n<meta name=\"description\" content=\"GEN\u00c8SE, zalo\u017eil @Petter a Patrik v roce 2016. Designov\u00e1 spole\u010dnost, narozen\u00e1 na Slovensku, nab\u00edz\u00ed ready-to-wear kolekce s prvky streetwearu. V\u0161echny produkty jsou vyrobeny na Slovensku v na\u0161em &quot;ATELIER GEN\u00c8SE&quot;\u00a0v Bratislav\u011b\" \/>\n<meta name=\"robots\" content=\"index, follow, max-snippet:-1, max-image-preview:large, max-video-preview:-1\" \/>\n<link rel=\"canonical\" href=\"https:\/\/genesestudio.com\/about\/\" \/>\n<meta property=\"og:locale\" content=\"cs_CZ\" \/>\n<meta property=\"og:type\" content=\"article\" \/>\n<meta property=\"og:title\" content=\"O n\u00e1s - Gen\u00e8se\" \/>\n<meta property=\"og:description\" content=\"GEN\u00c8SE, zalo\u017eil @Petter a Patrik v roce 2016. Designov\u00e1 spole\u010dnost, narozen\u00e1 na Slovensku, nab\u00edz\u00ed ready-to-wear kolekce s prvky streetwearu. V\u0161echny produkty jsou vyrobeny na Slovensku v na\u0161em &quot;ATELIER GEN\u00c8SE&quot;\u00a0v Bratislav\u011b\" \/>\n<meta property=\"og:url\" content=\"https:\/\/genesestudio.com\/about\/\" \/>\n<meta property=\"og:site_name\" content=\"Gen\u00e8se\" \/>\n<meta property=\"article:modified_time\" content=\"2022-04-16T15:50:54+00:00\" \/>\n<meta property=\"og:image\" content=\"https:\/\/genesestudio.com\/wp-content\/uploads\/2020\/09\/Snimka-obrazovky-2020-09-14-o-22.51.06-e1600116701859.png\" \/>\n<meta name=\"twitter:card\" content=\"summary_large_image\" \/>\n<script type=\"application\/ld+json\" class=\"yoast-schema-graph\">{\"@context\":\"https:\/\/schema.org\",\"@graph\":[{\"@type\":\"WebPage\",\"@id\":\"https:\/\/genesestudio.com\/about\/\",\"url\":\"https:\/\/genesestudio.com\/about\/\",\"name\":\"O n\u00e1s - Gen\u00e8se\",\"isPartOf\":{\"@id\":\"https:\/\/genesestudio.com\/#website\"},\"primaryImageOfPage\":{\"@id\":\"https:\/\/genesestudio.com\/about\/#primaryimage\"},\"image\":{\"@id\":\"https:\/\/genesestudio.com\/about\/#primaryimage\"},\"thumbnailUrl\":\"https:\/\/genesestudio.com\/wp-content\/uploads\/2020\/09\/Snimka-obrazovky-2020-09-14-o-22.51.06-e1600116701859.png\",\"datePublished\":\"2020-09-20T21:43:10+00:00\",\"dateModified\":\"2022-04-16T15:50:54+00:00\",\"description\":\"GEN\u00c8SE, zalo\u017eil @Petter a Patrik v roce 2016. Designov\u00e1 spole\u010dnost, narozen\u00e1 na Slovensku, nab\u00edz\u00ed ready-to-wear kolekce s prvky streetwearu. V\u0161echny produkty jsou vyrobeny na Slovensku v na\u0161em \\\"ATELIER GEN\u00c8SE\\\"\u00a0v Bratislav\u011b\",\"breadcrumb\":{\"@id\":\"https:\/\/genesestudio.com\/about\/#breadcrumb\"},\"inLanguage\":\"cs\",\"potentialAction\":[{\"@type\":\"ReadAction\",\"target\":[\"https:\/\/genesestudio.com\/about\/\"]}]},{\"@type\":\"ImageObject\",\"inLanguage\":\"cs\",\"@id\":\"https:\/\/genesestudio.com\/about\/#primaryimage\",\"url\":\"https:\/\/genesestudio.com\/wp-content\/uploads\/2020\/09\/Snimka-obrazovky-2020-09-14-o-22.51.06-e1600116701859.png\",\"contentUrl\":\"https:\/\/genesestudio.com\/wp-content\/uploads\/2020\/09\/Snimka-obrazovky-2020-09-14-o-22.51.06-e1600116701859.png\"},{\"@type\":\"BreadcrumbList\",\"@id\":\"https:\/\/genesestudio.com\/about\/#breadcrumb\",\"itemListElement\":[{\"@type\":\"ListItem\",\"position\":1,\"name\":\"Home\",\"item\":\"https:\/\/genesestudio.com\/\"},{\"@type\":\"ListItem\",\"position\":2,\"name\":\"O n\u00e1s\"}]},{\"@type\":\"WebSite\",\"@id\":\"https:\/\/genesestudio.com\/#website\",\"url\":\"https:\/\/genesestudio.com\/\",\"name\":\"Gen\u00e8se\",\"description\":\"#genesestudio\",\"publisher\":{\"@id\":\"https:\/\/genesestudio.com\/#organization\"},\"potentialAction\":[{\"@type\":\"SearchAction\",\"target\":{\"@type\":\"EntryPoint\",\"urlTemplate\":\"https:\/\/genesestudio.com\/?s={search_term_string}\"},\"query-input\":\"required name=search_term_string\"}],\"inLanguage\":\"cs\"},{\"@type\":\"Organization\",\"@id\":\"https:\/\/genesestudio.com\/#organization\",\"name\":\"Gen\u00e8se\",\"url\":\"https:\/\/genesestudio.com\/\",\"logo\":{\"@type\":\"ImageObject\",\"inLanguage\":\"cs\",\"@id\":\"https:\/\/genesestudio.com\/#\/schema\/logo\/image\/\",\"url\":\"https:\/\/genesestudio.com\/wp-content\/uploads\/2019\/04\/genese_logo_250x59.png\",\"contentUrl\":\"https:\/\/genesestudio.com\/wp-content\/uploads\/2019\/04\/genese_logo_250x59.png\",\"width\":250,\"height\":59,\"caption\":\"Gen\u00e8se\"},\"image\":{\"@id\":\"https:\/\/genesestudio.com\/#\/schema\/logo\/image\/\"}}]}<\/script>\n<!-- \/ Yoast SEO plugin. -->","yoast_head_json":{"title":"O n\u00e1s - Gen\u00e8se","description":"GEN\u00c8SE, zalo\u017eil @Petter a Patrik v roce 2016. Designov\u00e1 spole\u010dnost, narozen\u00e1 na Slovensku, nab\u00edz\u00ed ready-to-wear kolekce s prvky streetwearu. V\u0161echny produkty jsou vyrobeny na Slovensku v na\u0161em \"ATELIER GEN\u00c8SE\"\u00a0v Bratislav\u011b","robots":{"index":"index","follow":"follow","max-snippet":"max-snippet:-1","max-image-preview":"max-image-preview:large","max-video-preview":"max-video-preview:-1"},"canonical":"https:\/\/genesestudio.com\/about\/","og_locale":"cs_CZ","og_type":"article","og_title":"O n\u00e1s - Gen\u00e8se","og_description":"GEN\u00c8SE, zalo\u017eil @Petter a Patrik v roce 2016. Designov\u00e1 spole\u010dnost, narozen\u00e1 na Slovensku, nab\u00edz\u00ed ready-to-wear kolekce s prvky streetwearu. V\u0161echny produkty jsou vyrobeny na Slovensku v na\u0161em \"ATELIER GEN\u00c8SE\"\u00a0v Bratislav\u011b","og_url":"https:\/\/genesestudio.com\/about\/","og_site_name":"Gen\u00e8se","article_modified_time":"2022-04-16T15:50:54+00:00","og_image":[{"url":"https:\/\/genesestudio.com\/wp-content\/uploads\/2020\/09\/Snimka-obrazovky-2020-09-14-o-22.51.06-e1600116701859.png"}],"twitter_card":"summary_large_image","schema":{"@context":"https:\/\/schema.org","@graph":[{"@type":"WebPage","@id":"https:\/\/genesestudio.com\/about\/","url":"https:\/\/genesestudio.com\/about\/","name":"O n\u00e1s - Gen\u00e8se","isPartOf":{"@id":"https:\/\/genesestudio.com\/#website"},"primaryImageOfPage":{"@id":"https:\/\/genesestudio.com\/about\/#primaryimage"},"image":{"@id":"https:\/\/genesestudio.com\/about\/#primaryimage"},"thumbnailUrl":"https:\/\/genesestudio.com\/wp-content\/uploads\/2020\/09\/Snimka-obrazovky-2020-09-14-o-22.51.06-e1600116701859.png","datePublished":"2020-09-20T21:43:10+00:00","dateModified":"2022-04-16T15:50:54+00:00","description":"GEN\u00c8SE, zalo\u017eil @Petter a Patrik v roce 2016. Designov\u00e1 spole\u010dnost, narozen\u00e1 na Slovensku, nab\u00edz\u00ed ready-to-wear kolekce s prvky streetwearu. V\u0161echny produkty jsou vyrobeny na Slovensku v na\u0161em \"ATELIER GEN\u00c8SE\"\u00a0v Bratislav\u011b","breadcrumb":{"@id":"https:\/\/genesestudio.com\/about\/#breadcrumb"},"inLanguage":"cs","potentialAction":[{"@type":"ReadAction","target":["https:\/\/genesestudio.com\/about\/"]}]},{"@type":"ImageObject","inLanguage":"cs","@id":"https:\/\/genesestudio.com\/about\/#primaryimage","url":"https:\/\/genesestudio.com\/wp-content\/uploads\/2020\/09\/Snimka-obrazovky-2020-09-14-o-22.51.06-e1600116701859.png","contentUrl":"https:\/\/genesestudio.com\/wp-content\/uploads\/2020\/09\/Snimka-obrazovky-2020-09-14-o-22.51.06-e1600116701859.png"},{"@type":"BreadcrumbList","@id":"https:\/\/genesestudio.com\/about\/#breadcrumb","itemListElement":[{"@type":"ListItem","position":1,"name":"Home","item":"https:\/\/genesestudio.com\/"},{"@type":"ListItem","position":2,"name":"O n\u00e1s"}]},{"@type":"WebSite","@id":"https:\/\/genesestudio.com\/#website","url":"https:\/\/genesestudio.com\/","name":"Gen\u00e8se","description":"#genesestudio","publisher":{"@id":"https:\/\/genesestudio.com\/#organization"},"potentialAction":[{"@type":"SearchAction","target":{"@type":"EntryPoint","urlTemplate":"https:\/\/genesestudio.com\/?s={search_term_string}"},"query-input":"required name=search_term_string"}],"inLanguage":"cs"},{"@type":"Organization","@id":"https:\/\/genesestudio.com\/#organization","name":"Gen\u00e8se","url":"https:\/\/genesestudio.com\/","logo":{"@type":"ImageObject","inLanguage":"cs","@id":"https:\/\/genesestudio.com\/#\/schema\/logo\/image\/","url":"https:\/\/genesestudio.com\/wp-content\/uploads\/2019\/04\/genese_logo_250x59.png","contentUrl":"https:\/\/genesestudio.com\/wp-content\/uploads\/2019\/04\/genese_logo_250x59.png","width":250,"height":59,"caption":"Gen\u00e8se"},"image":{"@id":"https:\/\/genesestudio.com\/#\/schema\/logo\/image\/"}}]}},"jetpack_sharing_enabled":true,"_links":{"self":[{"href":"https:\/\/genesestudio.com\/cs\/wp-json\/wp\/v2\/pages\/11818","targetHints":{"allow":["GET"]}}],"collection":[{"href":"https:\/\/genesestudio.com\/cs\/wp-json\/wp\/v2\/pages"}],"about":[{"href":"https:\/\/genesestudio.com\/cs\/wp-json\/wp\/v2\/types\/page"}],"author":[{"embeddable":true,"href":"https:\/\/genesestudio.com\/cs\/wp-json\/wp\/v2\/users\/1"}],"replies":[{"embeddable":true,"href":"https:\/\/genesestudio.com\/cs\/wp-json\/wp\/v2\/comments?post=11818"}],"version-history":[{"count":4,"href":"https:\/\/genesestudio.com\/cs\/wp-json\/wp\/v2\/pages\/11818\/revisions"}],"predecessor-version":[{"id":21842,"href":"https:\/\/genesestudio.com\/cs\/wp-json\/wp\/v2\/pages\/11818\/revisions\/21842"}],"wp:attachment":[{"href":"https:\/\/genesestudio.com\/cs\/wp-json\/wp\/v2\/media?parent=11818"}],"curies":[{"name":"wp","href":"https:\/\/api.w.org\/{rel}","templated":true}]}}