{"id":11082,"date":"2018-08-12T22:24:39","date_gmt":"2018-08-12T20:24:39","guid":{"rendered":"https:\/\/genesestudio.com\/privacypolicy\/"},"modified":"2022-02-07T22:08:30","modified_gmt":"2022-02-07T21:08:30","slug":"ochranaosobnichudaju","status":"publish","type":"page","link":"https:\/\/genesestudio.com\/cs\/ochranaosobnichudaju\/","title":{"rendered":"Ochrana osobn\u00edch \u00fadaj\u016f"},"content":{"rendered":"\t\t<div data-elementor-type=\"wp-page\" data-elementor-id=\"11082\" class=\"elementor elementor-11082 elementor-506\" data-elementor-post-type=\"page\">\n\t\t\t\t\t\t<section class=\"elementor-section elementor-top-section elementor-element elementor-element-f30fd26 elementor-section-boxed elementor-section-height-default elementor-section-height-default\" data-id=\"f30fd26\" data-element_type=\"section\" data-e-type=\"section\">\n\t\t\t\t\t\t<div class=\"elementor-container elementor-column-gap-default\">\n\t\t\t\t\t<div class=\"elementor-column elementor-col-100 elementor-top-column elementor-element elementor-element-25e01d20\" data-id=\"25e01d20\" data-element_type=\"column\" data-e-type=\"column\">\n\t\t\t<div class=\"elementor-widget-wrap elementor-element-populated\">\n\t\t\t\t\t\t<div class=\"elementor-element elementor-element-1861f51f elementor-widget elementor-widget-text-editor\" data-id=\"1861f51f\" data-element_type=\"widget\" data-e-type=\"widget\" data-widget_type=\"text-editor.default\">\n\t\t\t\t<div class=\"elementor-widget-container\">\n\t\t\t\t\t\t\t\t\t<p><strong>PRIVACY POLICY<\/strong><\/p>\n<p>Your privacy is important to us. This privacy policy sets out the basis by which any personal data we, GEN\u00c8SE, collect from you, or that you provide to us on GENESESTUDIO.COM, will be processed. To better protect your privacy we provide this notice explaining our online information practices and the choices you can make about the way your information is collected and used.<\/p>\n<p>To react to new legislations, changes in technology and other site requirements, GEN\u00c8SE may change this policy from time to time. When changes do occur, GEN\u00c8SE will notify you via&nbsp;GENESESTUDIO.COM&nbsp;and GEN\u00c8SE\u2019s Mailing List. Please read the following privacy policy carefully.<\/p>\n<p><strong>INFORMATION COLLECTED ABOUT YOU<\/strong><br \/>This notice applies to all information collected or submitted on this website. On some pages, you can order products, make requests, and register to receive materials. The types of personal information collected at these pages are:<\/p>\n<p>&#8211; Name<br \/>&#8211; Shipping Address<br \/>&#8211; Billing Address<br \/>&#8211; Email Address<br \/>&#8211; Phone number<\/p>\n<p>GEN\u00c8SE collects and processes your personal data from three primary channels: Automatic, Required and Voluntary.<br \/>Automatic: As you browse&nbsp;GENESESTUDIO.COM, the site collects your Internet Protocol (IP) addresses, Log File, Cookies and other ordinary tracking, location and traffic data.<br \/>Required by Site: Sections of&nbsp;GENESESTUDIO.COM&nbsp;require you to give GEN\u00c8SE personally identifiable information such as your name, postal address, billing address, email address, phone number and transaction information.<br \/>Voluntary: If you complete online forms, registrations and surveys on&nbsp;GENESESTUDIO.COM, any information provided may be collected as personal data by GEN\u00c8SE. If you email us, whether by direct mail or using an online form, we may keep a record of that correspondence.<br \/>GEN\u00c8SE stores personal data until it is no longer necessary to our services or until you request the erasure of your personal data.<\/p>\n<p><strong>INFORMATION WE DO NOT COLLECT<\/strong><br \/>Credit\/Debit Card Information &#8211; we use a third party payment processor to handle this information securely. None of your Credit\/Debit card information is stored anywhere on this site.<\/p>\n<p><strong>THE WAY WE USE INFORMATION<\/strong><br \/>We use the information you provide about yourself when placing an order only to complete that order. We do not share this information with outside parties except to the extent necessary to complete that order.<br \/>We use the information you provide about someone else when placing an order only to ship the product and to confirm delivery. We do not share this information with outside parties except to the extent necessary to complete that order.<br \/>We use return email addresses to answer the email we receive. Such addresses are not used for any other purpose and are not shared with outside parties.<br \/>You can register with our website if you would like to receive updates on our new products and services. Information you submit on our website will not be used for this purpose unless you fill out the registration form. You can always unsubscribe from our updates at any time.<\/p>\n<p><strong>SHARING YOUR INFORMATION<\/strong><br \/>GEN\u00c8SE may share your personal data with others, at times, for various purposes. The following outlines the ways in which your personal data may be shared:<br \/>External Agents: GEN\u00c8SE may employ businesses, services, and individuals to perform duties on the behalf of GEN\u00c8SE. These businesses, services and individuals include: fulfilling the shipment of orders, web analysis, analysing data, marketing assistance, processing payments and providing customer service in compliance with courier and payment services. These External Agents may access personal data needed to perform their functions but may not use it for other purposes.<br \/>To protect you, these External Agents who have access to personal data must Operate and use your personal data in accordance with this Privacy Policy and treat your personal data as confidential as per their contractual obligations with GEN\u00c8SE.<br \/>Aggregate Information: GEN\u00c8SE may share aggregate information such as&nbsp;GENESESTUDIO.COM&nbsp;traffic and usage statistics, and demographics with other organisations. However, GEN\u00c8SE will only share aggregated information when it is within the interest of improving our website. When aggregated information is shared, the other parties will not have access to your personally identifiable information.<br \/>Mailing List: We utilises MailChimp (\u201cMailing List\u201d) for its email marketing. Upon the completion of an order on&nbsp;GENESESTUDIO.COM&nbsp;or in-store, we automatically subscribes you to Mailing List. Equally, you may receive opportunities to join a mailing list whilst browsing&nbsp;GENESESTUDIO.COM. An opt-in\/opt-out pop-up may request your information for you to join this mailing list. If you do choose to join the mailing list and share your information, you will be opted-into GEN\u00c8SE\u2019s Mailing List and your information will be stored by that Mailing List.<br \/>GEN\u00c8SE is not responsible for the privacy policy of this Mailing List, however we ensures that your personal data is not used beyond the function of email marketing and continually maintains awareness of the Mailing List\u2019s privacy policy to ensure your personal data is secured.<br \/>Traffic Measurement Services:&nbsp;GENESESTUDIO.COM&nbsp;may use third party services to conduct traffic collection and measurement in order to analyse website traffic. Traffic and audience measurement services allows&nbsp;GENESESTUDIO.COM&nbsp;to collect anonymous traffic, behavioural and location information by monitoring anonymous visitor activity.<\/p>\n<p><strong>COOKIES<\/strong><br \/>GENESESTUDIO.COM&nbsp;may store data on your personal computer in the form of a \u201ccookie\u201d. Cookies enables GEN\u00c8SE to tailor&nbsp;GENESESTUDIO.COM&nbsp;to reflect your historical preferences. Web browsers allow you, the user, to exercise control over such files by erasing and blocking them. Please refer to your browser\u2019s instructions to learn more about these control functions. Please note that cookies are collected to make your online experience more efficient and enjoyable. Therefore, disabling or deleting your cookies from&nbsp;GENESESTUDIO.COM&nbsp;may result in you not being able to access certain features and services.<\/p>\n<p><strong>OUR COMMITMENT TO DATA SECURITY<\/strong><br \/>To prevent unauthorized access, maintain data accuracy, and ensure the correct use of information, we have put in place appropriate physical, electronic, and managerial procedures to safeguard and secure the information we collect online.<\/p>\n<p><strong>OUR COMMITMENT TO CHILDREN&#8217;S PRIVACY<\/strong><br \/>Protecting the privacy of the very young is especially important. For that reason, we never collect or maintain information at our website from those we actually know are under 13, and no part of our website is structured to attract anyone under 13.<\/p>\n<p><strong>YOUR RIGHTS UNDER THE GDPR<\/strong><br \/>Under the General Data Protection Regulation, you have the right to access, rectify, export and erase your personal data from&nbsp;GENESESTUDIO.COM. You also have the right to deny and restrict certain processing of your personal data. This includes the following right to object to our processing of your personal data for direct e-mail marketing purposes, which you can exercise by utilising the \u201cunsubscribe\u201d link in such email communications. Additionally, you have the right to object to GEN\u00c8SE\u2019s processing of your personal data where GEN\u00c8SE are performing a task in the interest of pursuing legitimate interests.<\/p>\n<p>GEN\u00c8SE may resolve requests, disputes and enquiries you have in connection with GEN\u00c8SE\u2019s data collection, your rights under the GDPR and GEN\u00c9SE\u2019s privacy policy at info@genesestudio.com, or by mail at:&nbsp;TOROMAX s.r.o.,&nbsp;H\u00e1jska 9,&nbsp;036 01 Martin,&nbsp;SLOVAKIA<\/p>\n<p><strong>Thank You for your support!<\/strong><\/p>\n<p>&nbsp;<\/p>\n\t\t\t\t\t\t\t\t<\/div>\n\t\t\t\t<\/div>\n\t\t\t\t\t<\/div>\n\t\t<\/div>\n\t\t\t\t\t<\/div>\n\t\t<\/section>\n\t\t\t\t<\/div>\n\t\t","protected":false},"excerpt":{"rendered":"<p>PRIVACY POLICY Your privacy is important to us. This privacy policy sets out the basis by which any personal data we, GEN\u00c8SE, collect from you,&hellip;<\/p>\n","protected":false},"author":1,"featured_media":0,"parent":0,"menu_order":0,"comment_status":"closed","ping_status":"closed","template":"","meta":{"footnotes":""},"class_list":["post-11082","page","type-page","status-publish","hentry"],"yoast_head":"<!-- This site is optimized with the Yoast SEO plugin v22.8 - https:\/\/yoast.com\/wordpress\/plugins\/seo\/ -->\n<title>Ochrana osobn\u00edch \u00fadaj\u016f - Gen\u00e8se<\/title>\n<meta name=\"description\" content=\"Streetwear fashion Hoodie crewneck pants t-shirts shirts tee sweatshorts sweatpants sweatshirt socks accessories chains jewelry logo mensfashion womensfashion unisex art design\" \/>\n<meta name=\"robots\" content=\"index, follow, max-snippet:-1, max-image-preview:large, max-video-preview:-1\" \/>\n<link rel=\"canonical\" href=\"https:\/\/genesestudio.com\/privacypolicy\/\" \/>\n<meta property=\"og:locale\" content=\"cs_CZ\" \/>\n<meta property=\"og:type\" content=\"article\" \/>\n<meta property=\"og:title\" content=\"Ochrana osobn\u00edch \u00fadaj\u016f - Gen\u00e8se\" \/>\n<meta property=\"og:description\" content=\"Streetwear fashion Hoodie crewneck pants t-shirts shirts tee sweatshorts sweatpants sweatshirt socks accessories chains jewelry logo mensfashion womensfashion unisex art design\" \/>\n<meta property=\"og:url\" content=\"https:\/\/genesestudio.com\/privacypolicy\/\" \/>\n<meta property=\"og:site_name\" content=\"Gen\u00e8se\" \/>\n<meta property=\"article:modified_time\" content=\"2022-02-07T21:08:30+00:00\" \/>\n<meta name=\"twitter:card\" content=\"summary_large_image\" \/>\n<meta name=\"twitter:label1\" content=\"Odhadovan\u00e1 doba \u010dten\u00ed\" \/>\n\t<meta name=\"twitter:data1\" content=\"6 minut\" \/>\n<script type=\"application\/ld+json\" class=\"yoast-schema-graph\">{\"@context\":\"https:\/\/schema.org\",\"@graph\":[{\"@type\":\"WebPage\",\"@id\":\"https:\/\/genesestudio.com\/privacypolicy\/\",\"url\":\"https:\/\/genesestudio.com\/privacypolicy\/\",\"name\":\"Ochrana osobn\u00edch \u00fadaj\u016f - Gen\u00e8se\",\"isPartOf\":{\"@id\":\"https:\/\/genesestudio.com\/#website\"},\"datePublished\":\"2018-08-12T20:24:39+00:00\",\"dateModified\":\"2022-02-07T21:08:30+00:00\",\"description\":\"Streetwear fashion Hoodie crewneck pants t-shirts shirts tee sweatshorts sweatpants sweatshirt socks accessories chains jewelry logo mensfashion womensfashion unisex art design\",\"breadcrumb\":{\"@id\":\"https:\/\/genesestudio.com\/privacypolicy\/#breadcrumb\"},\"inLanguage\":\"cs\",\"potentialAction\":[{\"@type\":\"ReadAction\",\"target\":[\"https:\/\/genesestudio.com\/privacypolicy\/\"]}]},{\"@type\":\"BreadcrumbList\",\"@id\":\"https:\/\/genesestudio.com\/privacypolicy\/#breadcrumb\",\"itemListElement\":[{\"@type\":\"ListItem\",\"position\":1,\"name\":\"Home\",\"item\":\"https:\/\/genesestudio.com\/\"},{\"@type\":\"ListItem\",\"position\":2,\"name\":\"Ochrana osobn\u00edch \u00fadaj\u016f\"}]},{\"@type\":\"WebSite\",\"@id\":\"https:\/\/genesestudio.com\/#website\",\"url\":\"https:\/\/genesestudio.com\/\",\"name\":\"Gen\u00e8se\",\"description\":\"#genesestudio\",\"publisher\":{\"@id\":\"https:\/\/genesestudio.com\/#organization\"},\"potentialAction\":[{\"@type\":\"SearchAction\",\"target\":{\"@type\":\"EntryPoint\",\"urlTemplate\":\"https:\/\/genesestudio.com\/?s={search_term_string}\"},\"query-input\":\"required name=search_term_string\"}],\"inLanguage\":\"cs\"},{\"@type\":\"Organization\",\"@id\":\"https:\/\/genesestudio.com\/#organization\",\"name\":\"Gen\u00e8se\",\"url\":\"https:\/\/genesestudio.com\/\",\"logo\":{\"@type\":\"ImageObject\",\"inLanguage\":\"cs\",\"@id\":\"https:\/\/genesestudio.com\/#\/schema\/logo\/image\/\",\"url\":\"https:\/\/genesestudio.com\/wp-content\/uploads\/2019\/04\/genese_logo_250x59.png\",\"contentUrl\":\"https:\/\/genesestudio.com\/wp-content\/uploads\/2019\/04\/genese_logo_250x59.png\",\"width\":250,\"height\":59,\"caption\":\"Gen\u00e8se\"},\"image\":{\"@id\":\"https:\/\/genesestudio.com\/#\/schema\/logo\/image\/\"}}]}<\/script>\n<!-- \/ Yoast SEO plugin. -->","yoast_head_json":{"title":"Ochrana osobn\u00edch \u00fadaj\u016f - Gen\u00e8se","description":"Streetwear fashion Hoodie crewneck pants t-shirts shirts tee sweatshorts sweatpants sweatshirt socks accessories chains jewelry logo mensfashion womensfashion unisex art design","robots":{"index":"index","follow":"follow","max-snippet":"max-snippet:-1","max-image-preview":"max-image-preview:large","max-video-preview":"max-video-preview:-1"},"canonical":"https:\/\/genesestudio.com\/privacypolicy\/","og_locale":"cs_CZ","og_type":"article","og_title":"Ochrana osobn\u00edch \u00fadaj\u016f - Gen\u00e8se","og_description":"Streetwear fashion Hoodie crewneck pants t-shirts shirts tee sweatshorts sweatpants sweatshirt socks accessories chains jewelry logo mensfashion womensfashion unisex art design","og_url":"https:\/\/genesestudio.com\/privacypolicy\/","og_site_name":"Gen\u00e8se","article_modified_time":"2022-02-07T21:08:30+00:00","twitter_card":"summary_large_image","twitter_misc":{"Odhadovan\u00e1 doba \u010dten\u00ed":"6 minut"},"schema":{"@context":"https:\/\/schema.org","@graph":[{"@type":"WebPage","@id":"https:\/\/genesestudio.com\/privacypolicy\/","url":"https:\/\/genesestudio.com\/privacypolicy\/","name":"Ochrana osobn\u00edch \u00fadaj\u016f - Gen\u00e8se","isPartOf":{"@id":"https:\/\/genesestudio.com\/#website"},"datePublished":"2018-08-12T20:24:39+00:00","dateModified":"2022-02-07T21:08:30+00:00","description":"Streetwear fashion Hoodie crewneck pants t-shirts shirts tee sweatshorts sweatpants sweatshirt socks accessories chains jewelry logo mensfashion womensfashion unisex art design","breadcrumb":{"@id":"https:\/\/genesestudio.com\/privacypolicy\/#breadcrumb"},"inLanguage":"cs","potentialAction":[{"@type":"ReadAction","target":["https:\/\/genesestudio.com\/privacypolicy\/"]}]},{"@type":"BreadcrumbList","@id":"https:\/\/genesestudio.com\/privacypolicy\/#breadcrumb","itemListElement":[{"@type":"ListItem","position":1,"name":"Home","item":"https:\/\/genesestudio.com\/"},{"@type":"ListItem","position":2,"name":"Ochrana osobn\u00edch \u00fadaj\u016f"}]},{"@type":"WebSite","@id":"https:\/\/genesestudio.com\/#website","url":"https:\/\/genesestudio.com\/","name":"Gen\u00e8se","description":"#genesestudio","publisher":{"@id":"https:\/\/genesestudio.com\/#organization"},"potentialAction":[{"@type":"SearchAction","target":{"@type":"EntryPoint","urlTemplate":"https:\/\/genesestudio.com\/?s={search_term_string}"},"query-input":"required name=search_term_string"}],"inLanguage":"cs"},{"@type":"Organization","@id":"https:\/\/genesestudio.com\/#organization","name":"Gen\u00e8se","url":"https:\/\/genesestudio.com\/","logo":{"@type":"ImageObject","inLanguage":"cs","@id":"https:\/\/genesestudio.com\/#\/schema\/logo\/image\/","url":"https:\/\/genesestudio.com\/wp-content\/uploads\/2019\/04\/genese_logo_250x59.png","contentUrl":"https:\/\/genesestudio.com\/wp-content\/uploads\/2019\/04\/genese_logo_250x59.png","width":250,"height":59,"caption":"Gen\u00e8se"},"image":{"@id":"https:\/\/genesestudio.com\/#\/schema\/logo\/image\/"}}]}},"jetpack_sharing_enabled":true,"_links":{"self":[{"href":"https:\/\/genesestudio.com\/cs\/wp-json\/wp\/v2\/pages\/11082","targetHints":{"allow":["GET"]}}],"collection":[{"href":"https:\/\/genesestudio.com\/cs\/wp-json\/wp\/v2\/pages"}],"about":[{"href":"https:\/\/genesestudio.com\/cs\/wp-json\/wp\/v2\/types\/page"}],"author":[{"embeddable":true,"href":"https:\/\/genesestudio.com\/cs\/wp-json\/wp\/v2\/users\/1"}],"replies":[{"embeddable":true,"href":"https:\/\/genesestudio.com\/cs\/wp-json\/wp\/v2\/comments?post=11082"}],"version-history":[{"count":2,"href":"https:\/\/genesestudio.com\/cs\/wp-json\/wp\/v2\/pages\/11082\/revisions"}],"predecessor-version":[{"id":21291,"href":"https:\/\/genesestudio.com\/cs\/wp-json\/wp\/v2\/pages\/11082\/revisions\/21291"}],"wp:attachment":[{"href":"https:\/\/genesestudio.com\/cs\/wp-json\/wp\/v2\/media?parent=11082"}],"curies":[{"name":"wp","href":"https:\/\/api.w.org\/{rel}","templated":true}]}}